{"id":6773,"date":"2021-04-30T19:23:06","date_gmt":"2021-04-30T19:23:06","guid":{"rendered":"https:\/\/margem.local\/?post_type=product&#038;p=6773"},"modified":"2024-05-21T15:30:04","modified_gmt":"2024-05-21T15:30:04","slug":"cuerda-de-nylon","status":"publish","type":"product","link":"https:\/\/margem.pt\/es\/produto\/cuerda-de-nylon\/","title":{"rendered":"MARGEM &#8211; CUERDA DE NYLON"},"content":{"rendered":"<h2>CUERDA DE NYLON | RESISTENTE Y MULTIUSOS<\/h2>\n<h3>PARA TODOS LOS SERVICIOS<\/h3>\n<p>Cuerda de nailon de 20 metros de largo y 4 mm de ancho, lo que la convierte en una cuerda muy resistente.<\/p>\n<p>Perfecto para tendederos, camping, bricolaje y m\u00e1s.<br \/>\nNo dejes de tenerlos en casa, son sumamente \u00fatiles y f\u00e1ciles de usar.<\/p>\n<p>C\u00f3mpralo ahora y tenlo siempre en casa, y ver\u00e1s lo \u00fatil que te resulta, cuando menos te lo esperes.<\/p>\n<h4>Modo de uso:<\/h4>\n<p>Las cuerdas de nailon tienen diferentes usos.<br \/>\nCon un alto nivel de resistencia a la rotura y una excelente capacidad de absorci\u00f3n de impactos, se pueden utilizar de diversas formas.<\/p>\n<h4>Presentaci\u00f3n:<\/h4>\n<p>Unidad para consumidores finales.<br \/>\nMide 20 metros y 4 mm de di\u00e1metro.<\/p>\n<p><a href=\"https:\/\/margem.pt\/es\/categoria-producto\/limpieza-de-hogar\/\">\u00a1Conozca aqu\u00ed todos los productos MARGEM, para el cuidado del hogar!<\/a><\/p>\n","protected":false},"excerpt":{"rendered":"<h2>PARA TODOS LOS SERVICIOS<\/h2>\n<p>Cuerda de nailon de 20 metros de largo y 4 mm de ancho, lo que la convierte en una cuerda muy resistente.<\/p>\n<p>Perfecto para tendederos, camping, bricolaje y m\u00e1s.<\/p>\n<p>Tenlo siempre en tu casa.<\/p>\n","protected":false},"featured_media":6776,"comment_status":"open","ping_status":"closed","template":"","meta":{"_acf_changed":false},"product_brand":[],"product_cat":[128],"product_tag":[],"class_list":{"0":"post-6773","1":"product","2":"type-product","3":"status-publish","4":"has-post-thumbnail","6":"product_cat-limpieza-de-hogar","8":"first","9":"instock","10":"taxable","11":"shipping-taxable","12":"purchasable","13":"product-type-simple"},"acf":[],"yoast_head":"<!-- This site is optimized with the Yoast SEO plugin v24.6 - https:\/\/yoast.com\/wordpress\/plugins\/seo\/ -->\n<title>Cuerda de Nylon | Nailon | tendederos | camping | MARGEM<\/title>\n<meta name=\"description\" content=\"Cuerda de nylon de 20 metros de largo y 4 mm de ancho, lo que la convierte en una cuerda muy resistente. Perfecto para tendederos, camping, bricolaje y m\u00e1s.\" \/>\n<meta name=\"robots\" content=\"index, follow, max-snippet:-1, max-image-preview:large, max-video-preview:-1\" \/>\n<link rel=\"canonical\" href=\"https:\/\/margem.pt\/es\/produto\/cuerda-de-nylon\/\" \/>\n<meta property=\"og:locale\" content=\"es_ES\" \/>\n<meta property=\"og:type\" content=\"article\" \/>\n<meta property=\"og:title\" content=\"Cuerda de Nylon | Nailon | tendederos | camping | MARGEM\" \/>\n<meta property=\"og:description\" content=\"Cuerda de nylon de 20 metros de largo y 4 mm de ancho, lo que la convierte en una cuerda muy resistente. Perfecto para tendederos, camping, bricolaje y m\u00e1s.\" \/>\n<meta property=\"og:url\" content=\"https:\/\/margem.pt\/es\/produto\/cuerda-de-nylon\/\" \/>\n<meta property=\"og:site_name\" content=\"MARGEM\" \/>\n<meta property=\"article:modified_time\" content=\"2024-05-21T15:30:04+00:00\" \/>\n<meta property=\"og:image\" content=\"https:\/\/margem.pt\/wp-content\/uploads\/2021\/04\/CordadeNYLON-20Mts-WEB.png\" \/>\n\t<meta property=\"og:image:width\" content=\"580\" \/>\n\t<meta property=\"og:image:height\" content=\"800\" \/>\n\t<meta property=\"og:image:type\" content=\"image\/png\" \/>\n<meta name=\"twitter:label1\" content=\"Tiempo de lectura\" \/>\n\t<meta name=\"twitter:data1\" content=\"1 minuto\" \/>\n<script type=\"application\/ld+json\" class=\"yoast-schema-graph\">{\"@context\":\"https:\/\/schema.org\",\"@graph\":[{\"@type\":\"WebPage\",\"@id\":\"https:\/\/margem.pt\/es\/produto\/cuerda-de-nylon\/\",\"url\":\"https:\/\/margem.pt\/es\/produto\/cuerda-de-nylon\/\",\"name\":\"Cuerda de Nylon | Nailon | tendederos | camping | MARGEM\",\"isPartOf\":{\"@id\":\"https:\/\/margem.pt\/es\/#website\"},\"primaryImageOfPage\":{\"@id\":\"https:\/\/margem.pt\/es\/produto\/cuerda-de-nylon\/#primaryimage\"},\"image\":{\"@id\":\"https:\/\/margem.pt\/es\/produto\/cuerda-de-nylon\/#primaryimage\"},\"thumbnailUrl\":\"https:\/\/margem.pt\/wp-content\/uploads\/2021\/04\/CordadeNYLON-20Mts-WEB.png\",\"datePublished\":\"2021-04-30T19:23:06+00:00\",\"dateModified\":\"2024-05-21T15:30:04+00:00\",\"description\":\"Cuerda de nylon de 20 metros de largo y 4 mm de ancho, lo que la convierte en una cuerda muy resistente. Perfecto para tendederos, camping, bricolaje y m\u00e1s.\",\"breadcrumb\":{\"@id\":\"https:\/\/margem.pt\/es\/produto\/cuerda-de-nylon\/#breadcrumb\"},\"inLanguage\":\"es\",\"potentialAction\":[{\"@type\":\"ReadAction\",\"target\":[\"https:\/\/margem.pt\/es\/produto\/cuerda-de-nylon\/\"]}]},{\"@type\":\"ImageObject\",\"inLanguage\":\"es\",\"@id\":\"https:\/\/margem.pt\/es\/produto\/cuerda-de-nylon\/#primaryimage\",\"url\":\"https:\/\/margem.pt\/wp-content\/uploads\/2021\/04\/CordadeNYLON-20Mts-WEB.png\",\"contentUrl\":\"https:\/\/margem.pt\/wp-content\/uploads\/2021\/04\/CordadeNYLON-20Mts-WEB.png\",\"width\":580,\"height\":800,\"caption\":\"Corda de Nylon\"},{\"@type\":\"BreadcrumbList\",\"@id\":\"https:\/\/margem.pt\/es\/produto\/cuerda-de-nylon\/#breadcrumb\",\"itemListElement\":[{\"@type\":\"ListItem\",\"position\":1,\"name\":\"In\u00edcio\",\"item\":\"https:\/\/margem.pt\/es\/\"},{\"@type\":\"ListItem\",\"position\":2,\"name\":\"Tienda\",\"item\":\"https:\/\/margem.pt\/es\/tienda\/\"},{\"@type\":\"ListItem\",\"position\":3,\"name\":\"MARGEM &#8211; CUERDA DE NYLON\"}]},{\"@type\":\"WebSite\",\"@id\":\"https:\/\/margem.pt\/es\/#website\",\"url\":\"https:\/\/margem.pt\/es\/\",\"name\":\"MARGEM\",\"description\":\"Produtos de Higiene e Limpeza\",\"potentialAction\":[{\"@type\":\"SearchAction\",\"target\":{\"@type\":\"EntryPoint\",\"urlTemplate\":\"https:\/\/margem.pt\/es\/?s={search_term_string}\"},\"query-input\":{\"@type\":\"PropertyValueSpecification\",\"valueRequired\":true,\"valueName\":\"search_term_string\"}}],\"inLanguage\":\"es\"}]}<\/script>\n<!-- \/ Yoast SEO plugin. -->","yoast_head_json":{"title":"Cuerda de Nylon | Nailon | tendederos | camping | MARGEM","description":"Cuerda de nylon de 20 metros de largo y 4 mm de ancho, lo que la convierte en una cuerda muy resistente. Perfecto para tendederos, camping, bricolaje y m\u00e1s.","robots":{"index":"index","follow":"follow","max-snippet":"max-snippet:-1","max-image-preview":"max-image-preview:large","max-video-preview":"max-video-preview:-1"},"canonical":"https:\/\/margem.pt\/es\/produto\/cuerda-de-nylon\/","og_locale":"es_ES","og_type":"article","og_title":"Cuerda de Nylon | Nailon | tendederos | camping | MARGEM","og_description":"Cuerda de nylon de 20 metros de largo y 4 mm de ancho, lo que la convierte en una cuerda muy resistente. Perfecto para tendederos, camping, bricolaje y m\u00e1s.","og_url":"https:\/\/margem.pt\/es\/produto\/cuerda-de-nylon\/","og_site_name":"MARGEM","article_modified_time":"2024-05-21T15:30:04+00:00","og_image":[{"width":580,"height":800,"url":"https:\/\/margem.pt\/wp-content\/uploads\/2021\/04\/CordadeNYLON-20Mts-WEB.png","type":"image\/png"}],"twitter_misc":{"Tiempo de lectura":"1 minuto"},"schema":{"@context":"https:\/\/schema.org","@graph":[{"@type":"WebPage","@id":"https:\/\/margem.pt\/es\/produto\/cuerda-de-nylon\/","url":"https:\/\/margem.pt\/es\/produto\/cuerda-de-nylon\/","name":"Cuerda de Nylon | Nailon | tendederos | camping | MARGEM","isPartOf":{"@id":"https:\/\/margem.pt\/es\/#website"},"primaryImageOfPage":{"@id":"https:\/\/margem.pt\/es\/produto\/cuerda-de-nylon\/#primaryimage"},"image":{"@id":"https:\/\/margem.pt\/es\/produto\/cuerda-de-nylon\/#primaryimage"},"thumbnailUrl":"https:\/\/margem.pt\/wp-content\/uploads\/2021\/04\/CordadeNYLON-20Mts-WEB.png","datePublished":"2021-04-30T19:23:06+00:00","dateModified":"2024-05-21T15:30:04+00:00","description":"Cuerda de nylon de 20 metros de largo y 4 mm de ancho, lo que la convierte en una cuerda muy resistente. Perfecto para tendederos, camping, bricolaje y m\u00e1s.","breadcrumb":{"@id":"https:\/\/margem.pt\/es\/produto\/cuerda-de-nylon\/#breadcrumb"},"inLanguage":"es","potentialAction":[{"@type":"ReadAction","target":["https:\/\/margem.pt\/es\/produto\/cuerda-de-nylon\/"]}]},{"@type":"ImageObject","inLanguage":"es","@id":"https:\/\/margem.pt\/es\/produto\/cuerda-de-nylon\/#primaryimage","url":"https:\/\/margem.pt\/wp-content\/uploads\/2021\/04\/CordadeNYLON-20Mts-WEB.png","contentUrl":"https:\/\/margem.pt\/wp-content\/uploads\/2021\/04\/CordadeNYLON-20Mts-WEB.png","width":580,"height":800,"caption":"Corda de Nylon"},{"@type":"BreadcrumbList","@id":"https:\/\/margem.pt\/es\/produto\/cuerda-de-nylon\/#breadcrumb","itemListElement":[{"@type":"ListItem","position":1,"name":"In\u00edcio","item":"https:\/\/margem.pt\/es\/"},{"@type":"ListItem","position":2,"name":"Tienda","item":"https:\/\/margem.pt\/es\/tienda\/"},{"@type":"ListItem","position":3,"name":"MARGEM &#8211; CUERDA DE NYLON"}]},{"@type":"WebSite","@id":"https:\/\/margem.pt\/es\/#website","url":"https:\/\/margem.pt\/es\/","name":"MARGEM","description":"Produtos de Higiene e Limpeza","potentialAction":[{"@type":"SearchAction","target":{"@type":"EntryPoint","urlTemplate":"https:\/\/margem.pt\/es\/?s={search_term_string}"},"query-input":{"@type":"PropertyValueSpecification","valueRequired":true,"valueName":"search_term_string"}}],"inLanguage":"es"}]}},"_links":{"self":[{"href":"https:\/\/margem.pt\/es\/wp-json\/wp\/v2\/product\/6773","targetHints":{"allow":["GET"]}}],"collection":[{"href":"https:\/\/margem.pt\/es\/wp-json\/wp\/v2\/product"}],"about":[{"href":"https:\/\/margem.pt\/es\/wp-json\/wp\/v2\/types\/product"}],"replies":[{"embeddable":true,"href":"https:\/\/margem.pt\/es\/wp-json\/wp\/v2\/comments?post=6773"}],"wp:featuredmedia":[{"embeddable":true,"href":"https:\/\/margem.pt\/es\/wp-json\/wp\/v2\/media\/6776"}],"wp:attachment":[{"href":"https:\/\/margem.pt\/es\/wp-json\/wp\/v2\/media?parent=6773"}],"wp:term":[{"taxonomy":"product_brand","embeddable":true,"href":"https:\/\/margem.pt\/es\/wp-json\/wp\/v2\/product_brand?post=6773"},{"taxonomy":"product_cat","embeddable":true,"href":"https:\/\/margem.pt\/es\/wp-json\/wp\/v2\/product_cat?post=6773"},{"taxonomy":"product_tag","embeddable":true,"href":"https:\/\/margem.pt\/es\/wp-json\/wp\/v2\/product_tag?post=6773"}],"curies":[{"name":"wp","href":"https:\/\/api.w.org\/{rel}","templated":true}]}}