{"id":3996,"date":"2015-02-12T01:32:10","date_gmt":"2015-02-12T01:32:10","guid":{"rendered":"https:\/\/margem.local\/produto\/margem-limpiador-de-microondas-y-hornos-500ml\/"},"modified":"2020-06-08T13:16:21","modified_gmt":"2020-06-08T13:16:21","slug":"margem-limpiador-de-microondas-y-hornos-500ml","status":"publish","type":"product","link":"https:\/\/margem.pt\/es\/produto\/margem-limpiador-de-microondas-y-hornos-500ml\/","title":{"rendered":"MARGEM &#8211; LIMPIADOR DE MICROONDAS Y HORNOS &#8211; 500ML"},"content":{"rendered":"<h2>UN TOQUE DE LIMPIEZA<\/h2>\n<h3>LIMPIADOR DE MICROONDAS Y HORNOS <\/h3>\n<p class=\"texto16\">Excelente para limpiar eficazmente su horno microondas f\u00e1cil y r\u00e1pidamente, el <strong>Limpiador de Microondas y Hornos MARGEM<\/strong> ha sido desarrollado para garantizar la limpieza de cualquier microondas u horno el\u00e9ctrico, sin manchar o dejar olor.<\/p>\n<p class=\"texto16\">Limpia y abrillanta sin olores en una sola operaci\u00f3n.<\/p>\n<p>Pr\u00e1ctico y f\u00e1cil de usar, es s\u00f3lo pulverizar y ya est\u00e1.<\/p>\n<h4>Modo de uso:<\/h4>\n<p>Retire el plato del interior y desconecte el enchufe de la toma el\u00e9ctrica. Pulverizar las zonas a limpiar pasando con un pa\u00f1o h\u00famedo. Limpiar despu\u00e9s con un pa\u00f1o seco.<\/p>\n<h4>Consejos<\/h4>\n<p>Mantener fuera del alcance de los ni\u00f1os. Conservar a temperatura ambiente, protegido de la luz y el calor.<\/p>\n<h4>Presentaci\u00f3n:<\/h4>\n<p>Por unidad para los consumidores finales.<br \/>\nCapacidad:  500 ml<br \/>\nEl formato del envase est\u00e1 especialmente dise\u00f1ado para permitir una mayor facilidad en la aplicaci\u00f3n del producto. Sin resbalar, incluso con las manos h\u00famedas, consigue f\u00e1cilmente apuntar y rociar.<\/p>\n<h4>Portugal Sou Eu<\/h4>\n<p>Una apuesta a la calidad de los productos portugueses con garant\u00eda para los consumidores.<br \/>\n\u00a1MARGEM, productos portugueses confiables!<\/p>\n<p><a href=\"https:\/\/margem.pt\/es\/categoria-producto\/limpieza-de-hogar\/\">\u00a1Conozca aqu\u00ed todos los productos MARGEM, para el cuidado del hogar!<\/a><\/p>\n","protected":false},"excerpt":{"rendered":"<h2>UN TOQUE DE LIMPIEZA<\/h2>\n<p>Excelente para limpiar eficazmente su horno o microondas f\u00e1cil y r\u00e1pidamente.<\/p>\n","protected":false},"featured_media":8436,"comment_status":"open","ping_status":"closed","template":"","meta":{"_acf_changed":false},"product_brand":[],"product_cat":[128],"product_tag":[],"class_list":{"0":"post-3996","1":"product","2":"type-product","3":"status-publish","4":"has-post-thumbnail","6":"product_cat-limpieza-de-hogar","8":"first","9":"instock","10":"taxable","11":"shipping-taxable","12":"purchasable","13":"product-type-simple"},"acf":[],"yoast_head":"<!-- This site is optimized with the Yoast SEO plugin v24.6 - https:\/\/yoast.com\/wordpress\/plugins\/seo\/ -->\n<title>Limpiador de Microondas y Hornos | microondas | Limpia Hornos | MARGEM<\/title>\n<meta name=\"description\" content=\"Con el limpio micro-ondas Margem, la limpieza de su horno y las microondas no pod\u00eda estar en mejores manos. Pr\u00e1ctico y f\u00e1cil de aplicar. Ver los resultados.\" \/>\n<meta name=\"robots\" content=\"index, follow, max-snippet:-1, max-image-preview:large, max-video-preview:-1\" \/>\n<link rel=\"canonical\" href=\"https:\/\/margem.pt\/es\/produto\/margem-limpiador-de-microondas-y-hornos-500ml\/\" \/>\n<meta property=\"og:locale\" content=\"es_ES\" \/>\n<meta property=\"og:type\" content=\"article\" \/>\n<meta property=\"og:title\" content=\"Limpiador de Microondas y Hornos | microondas | Limpia Hornos | MARGEM\" \/>\n<meta property=\"og:description\" content=\"Con el limpio micro-ondas Margem, la limpieza de su horno y las microondas no pod\u00eda estar en mejores manos. Pr\u00e1ctico y f\u00e1cil de aplicar. Ver los resultados.\" \/>\n<meta property=\"og:url\" content=\"https:\/\/margem.pt\/es\/produto\/margem-limpiador-de-microondas-y-hornos-500ml\/\" \/>\n<meta property=\"og:site_name\" content=\"MARGEM\" \/>\n<meta property=\"article:modified_time\" content=\"2020-06-08T13:16:21+00:00\" \/>\n<meta property=\"og:image\" content=\"https:\/\/margem.pt\/wp-content\/uploads\/2015\/02\/Limpa-Micro-Ondas-e-Fornos.jpg\" \/>\n\t<meta property=\"og:image:width\" content=\"580\" \/>\n\t<meta property=\"og:image:height\" content=\"801\" \/>\n\t<meta property=\"og:image:type\" content=\"image\/jpeg\" \/>\n<meta name=\"twitter:label1\" content=\"Tiempo de lectura\" \/>\n\t<meta name=\"twitter:data1\" content=\"1 minuto\" \/>\n<script type=\"application\/ld+json\" class=\"yoast-schema-graph\">{\"@context\":\"https:\/\/schema.org\",\"@graph\":[{\"@type\":\"WebPage\",\"@id\":\"https:\/\/margem.pt\/es\/produto\/margem-limpiador-de-microondas-y-hornos-500ml\/\",\"url\":\"https:\/\/margem.pt\/es\/produto\/margem-limpiador-de-microondas-y-hornos-500ml\/\",\"name\":\"Limpiador de Microondas y Hornos | microondas | Limpia Hornos | MARGEM\",\"isPartOf\":{\"@id\":\"https:\/\/margem.pt\/es\/#website\"},\"primaryImageOfPage\":{\"@id\":\"https:\/\/margem.pt\/es\/produto\/margem-limpiador-de-microondas-y-hornos-500ml\/#primaryimage\"},\"image\":{\"@id\":\"https:\/\/margem.pt\/es\/produto\/margem-limpiador-de-microondas-y-hornos-500ml\/#primaryimage\"},\"thumbnailUrl\":\"https:\/\/margem.pt\/wp-content\/uploads\/2015\/02\/Limpa-Micro-Ondas-e-Fornos.webp\",\"datePublished\":\"2015-02-12T01:32:10+00:00\",\"dateModified\":\"2020-06-08T13:16:21+00:00\",\"description\":\"Con el limpio micro-ondas Margem, la limpieza de su horno y las microondas no pod\u00eda estar en mejores manos. Pr\u00e1ctico y f\u00e1cil de aplicar. Ver los resultados.\",\"breadcrumb\":{\"@id\":\"https:\/\/margem.pt\/es\/produto\/margem-limpiador-de-microondas-y-hornos-500ml\/#breadcrumb\"},\"inLanguage\":\"es\",\"potentialAction\":[{\"@type\":\"ReadAction\",\"target\":[\"https:\/\/margem.pt\/es\/produto\/margem-limpiador-de-microondas-y-hornos-500ml\/\"]}]},{\"@type\":\"ImageObject\",\"inLanguage\":\"es\",\"@id\":\"https:\/\/margem.pt\/es\/produto\/margem-limpiador-de-microondas-y-hornos-500ml\/#primaryimage\",\"url\":\"https:\/\/margem.pt\/wp-content\/uploads\/2015\/02\/Limpa-Micro-Ondas-e-Fornos.webp\",\"contentUrl\":\"https:\/\/margem.pt\/wp-content\/uploads\/2015\/02\/Limpa-Micro-Ondas-e-Fornos.webp\",\"width\":580,\"height\":801,\"caption\":\"Limpa Micro-Ondas e Fornos\"},{\"@type\":\"BreadcrumbList\",\"@id\":\"https:\/\/margem.pt\/es\/produto\/margem-limpiador-de-microondas-y-hornos-500ml\/#breadcrumb\",\"itemListElement\":[{\"@type\":\"ListItem\",\"position\":1,\"name\":\"In\u00edcio\",\"item\":\"https:\/\/margem.pt\/es\/\"},{\"@type\":\"ListItem\",\"position\":2,\"name\":\"Tienda\",\"item\":\"https:\/\/margem.pt\/es\/tienda\/\"},{\"@type\":\"ListItem\",\"position\":3,\"name\":\"MARGEM &#8211; LIMPIADOR DE MICROONDAS Y HORNOS &#8211; 500ML\"}]},{\"@type\":\"WebSite\",\"@id\":\"https:\/\/margem.pt\/es\/#website\",\"url\":\"https:\/\/margem.pt\/es\/\",\"name\":\"MARGEM\",\"description\":\"Produtos de Higiene e Limpeza\",\"potentialAction\":[{\"@type\":\"SearchAction\",\"target\":{\"@type\":\"EntryPoint\",\"urlTemplate\":\"https:\/\/margem.pt\/es\/?s={search_term_string}\"},\"query-input\":{\"@type\":\"PropertyValueSpecification\",\"valueRequired\":true,\"valueName\":\"search_term_string\"}}],\"inLanguage\":\"es\"}]}<\/script>\n<!-- \/ Yoast SEO plugin. -->","yoast_head_json":{"title":"Limpiador de Microondas y Hornos | microondas | Limpia Hornos | MARGEM","description":"Con el limpio micro-ondas Margem, la limpieza de su horno y las microondas no pod\u00eda estar en mejores manos. Pr\u00e1ctico y f\u00e1cil de aplicar. Ver los resultados.","robots":{"index":"index","follow":"follow","max-snippet":"max-snippet:-1","max-image-preview":"max-image-preview:large","max-video-preview":"max-video-preview:-1"},"canonical":"https:\/\/margem.pt\/es\/produto\/margem-limpiador-de-microondas-y-hornos-500ml\/","og_locale":"es_ES","og_type":"article","og_title":"Limpiador de Microondas y Hornos | microondas | Limpia Hornos | MARGEM","og_description":"Con el limpio micro-ondas Margem, la limpieza de su horno y las microondas no pod\u00eda estar en mejores manos. Pr\u00e1ctico y f\u00e1cil de aplicar. Ver los resultados.","og_url":"https:\/\/margem.pt\/es\/produto\/margem-limpiador-de-microondas-y-hornos-500ml\/","og_site_name":"MARGEM","article_modified_time":"2020-06-08T13:16:21+00:00","og_image":[{"width":580,"height":801,"url":"https:\/\/margem.pt\/wp-content\/uploads\/2015\/02\/Limpa-Micro-Ondas-e-Fornos.jpg","type":"image\/jpeg"}],"twitter_misc":{"Tiempo de lectura":"1 minuto"},"schema":{"@context":"https:\/\/schema.org","@graph":[{"@type":"WebPage","@id":"https:\/\/margem.pt\/es\/produto\/margem-limpiador-de-microondas-y-hornos-500ml\/","url":"https:\/\/margem.pt\/es\/produto\/margem-limpiador-de-microondas-y-hornos-500ml\/","name":"Limpiador de Microondas y Hornos | microondas | Limpia Hornos | MARGEM","isPartOf":{"@id":"https:\/\/margem.pt\/es\/#website"},"primaryImageOfPage":{"@id":"https:\/\/margem.pt\/es\/produto\/margem-limpiador-de-microondas-y-hornos-500ml\/#primaryimage"},"image":{"@id":"https:\/\/margem.pt\/es\/produto\/margem-limpiador-de-microondas-y-hornos-500ml\/#primaryimage"},"thumbnailUrl":"https:\/\/margem.pt\/wp-content\/uploads\/2015\/02\/Limpa-Micro-Ondas-e-Fornos.webp","datePublished":"2015-02-12T01:32:10+00:00","dateModified":"2020-06-08T13:16:21+00:00","description":"Con el limpio micro-ondas Margem, la limpieza de su horno y las microondas no pod\u00eda estar en mejores manos. Pr\u00e1ctico y f\u00e1cil de aplicar. Ver los resultados.","breadcrumb":{"@id":"https:\/\/margem.pt\/es\/produto\/margem-limpiador-de-microondas-y-hornos-500ml\/#breadcrumb"},"inLanguage":"es","potentialAction":[{"@type":"ReadAction","target":["https:\/\/margem.pt\/es\/produto\/margem-limpiador-de-microondas-y-hornos-500ml\/"]}]},{"@type":"ImageObject","inLanguage":"es","@id":"https:\/\/margem.pt\/es\/produto\/margem-limpiador-de-microondas-y-hornos-500ml\/#primaryimage","url":"https:\/\/margem.pt\/wp-content\/uploads\/2015\/02\/Limpa-Micro-Ondas-e-Fornos.webp","contentUrl":"https:\/\/margem.pt\/wp-content\/uploads\/2015\/02\/Limpa-Micro-Ondas-e-Fornos.webp","width":580,"height":801,"caption":"Limpa Micro-Ondas e Fornos"},{"@type":"BreadcrumbList","@id":"https:\/\/margem.pt\/es\/produto\/margem-limpiador-de-microondas-y-hornos-500ml\/#breadcrumb","itemListElement":[{"@type":"ListItem","position":1,"name":"In\u00edcio","item":"https:\/\/margem.pt\/es\/"},{"@type":"ListItem","position":2,"name":"Tienda","item":"https:\/\/margem.pt\/es\/tienda\/"},{"@type":"ListItem","position":3,"name":"MARGEM &#8211; LIMPIADOR DE MICROONDAS Y HORNOS &#8211; 500ML"}]},{"@type":"WebSite","@id":"https:\/\/margem.pt\/es\/#website","url":"https:\/\/margem.pt\/es\/","name":"MARGEM","description":"Produtos de Higiene e Limpeza","potentialAction":[{"@type":"SearchAction","target":{"@type":"EntryPoint","urlTemplate":"https:\/\/margem.pt\/es\/?s={search_term_string}"},"query-input":{"@type":"PropertyValueSpecification","valueRequired":true,"valueName":"search_term_string"}}],"inLanguage":"es"}]}},"_links":{"self":[{"href":"https:\/\/margem.pt\/es\/wp-json\/wp\/v2\/product\/3996","targetHints":{"allow":["GET"]}}],"collection":[{"href":"https:\/\/margem.pt\/es\/wp-json\/wp\/v2\/product"}],"about":[{"href":"https:\/\/margem.pt\/es\/wp-json\/wp\/v2\/types\/product"}],"replies":[{"embeddable":true,"href":"https:\/\/margem.pt\/es\/wp-json\/wp\/v2\/comments?post=3996"}],"wp:featuredmedia":[{"embeddable":true,"href":"https:\/\/margem.pt\/es\/wp-json\/wp\/v2\/media\/8436"}],"wp:attachment":[{"href":"https:\/\/margem.pt\/es\/wp-json\/wp\/v2\/media?parent=3996"}],"wp:term":[{"taxonomy":"product_brand","embeddable":true,"href":"https:\/\/margem.pt\/es\/wp-json\/wp\/v2\/product_brand?post=3996"},{"taxonomy":"product_cat","embeddable":true,"href":"https:\/\/margem.pt\/es\/wp-json\/wp\/v2\/product_cat?post=3996"},{"taxonomy":"product_tag","embeddable":true,"href":"https:\/\/margem.pt\/es\/wp-json\/wp\/v2\/product_tag?post=3996"}],"curies":[{"name":"wp","href":"https:\/\/api.w.org\/{rel}","templated":true}]}}