{"id":3969,"date":"2015-02-12T01:04:43","date_gmt":"2015-02-12T01:04:43","guid":{"rendered":"https:\/\/margem.local\/produto\/margem-bolas-perfumadas-lavanda\/"},"modified":"2023-10-15T16:37:16","modified_gmt":"2023-10-15T16:37:16","slug":"margem-bolas-perfumadas-lavanda","status":"publish","type":"product","link":"https:\/\/margem.pt\/es\/produto\/margem-bolas-perfumadas-lavanda\/","title":{"rendered":"MARGEM &#8211; BOLAS PERFUMADAS &#8211; LAVANDA"},"content":{"rendered":"<h2>UN AMIGO PARA SU ROPA<\/h2>\n<h3>BOLAS PERFUMADAS &#8211; LAVANDA<\/h3>\n<p class=\"texto16\"><strong>Bolas Perfumadas<\/strong> especiales para armarios, closets, cajones, alfombras y maletas.<\/p>\n<h4>Modo de uso:<\/h4>\n<p>Colocar las bolas dentro de los armarios, closets o cajones, perforando el paquete de celof\u00e1n original.<\/p>\n<h4>Consejos:<\/h4>\n<p>Mantener fuera del alcance de los ni\u00f1os. Conservar a temperatura ambiente, protegido de la luz y el calor.<\/p>\n<h4>Presentaci\u00f3n:<\/h4>\n<p>Por unidad para los consumidores finales.<br \/>\nCapacidad: 100 gramos<\/p>\n<p><a href=\"https:\/\/margem.pt\/es\/categoria-producto\/limpieza-de-hogar\/\">\u00a1Conozca aqu\u00ed todos los productos MARGEM, para el cuidado del hogar!<\/a><\/p>\n","protected":false},"excerpt":{"rendered":"<h2>UN AMIGO PARA SU ROPA<\/h2>\n<p>Especial para armarios, closets, cajones, alfombras y maletas.<\/p>\n","protected":false},"featured_media":8390,"comment_status":"open","ping_status":"closed","template":"","meta":{"_acf_changed":false},"product_brand":[],"product_cat":[128],"product_tag":[],"class_list":{"0":"post-3969","1":"product","2":"type-product","3":"status-publish","4":"has-post-thumbnail","6":"product_cat-limpieza-de-hogar","8":"first","9":"instock","10":"taxable","11":"shipping-taxable","12":"purchasable","13":"product-type-simple"},"acf":[],"yoast_head":"<!-- This site is optimized with the Yoast SEO plugin v24.6 - https:\/\/yoast.com\/wordpress\/plugins\/seo\/ -->\n<title>Bolas perfumadas Lavanda | Bolas de naftalina | Limpieza<\/title>\n<meta name=\"description\" content=\"Con las bolas perfumadas con perfume Lavanda proteger su ropa se ton\u00f3 f\u00e1cil y agradable. Las pr\u00e1cticas de usar y aplicar, son la protecci\u00f3n ideal da ropa.\" \/>\n<meta name=\"robots\" content=\"index, follow, max-snippet:-1, max-image-preview:large, max-video-preview:-1\" \/>\n<link rel=\"canonical\" href=\"https:\/\/margem.pt\/es\/produto\/margem-bolas-perfumadas-lavanda\/\" \/>\n<meta property=\"og:locale\" content=\"es_ES\" \/>\n<meta property=\"og:type\" content=\"article\" \/>\n<meta property=\"og:title\" content=\"Bolas perfumadas Lavanda | Bolas de naftalina | Limpieza\" \/>\n<meta property=\"og:description\" content=\"Con las bolas perfumadas con perfume Lavanda proteger su ropa se ton\u00f3 f\u00e1cil y agradable. Las pr\u00e1cticas de usar y aplicar, son la protecci\u00f3n ideal da ropa.\" \/>\n<meta property=\"og:url\" content=\"https:\/\/margem.pt\/es\/produto\/margem-bolas-perfumadas-lavanda\/\" \/>\n<meta property=\"og:site_name\" content=\"MARGEM\" \/>\n<meta property=\"article:modified_time\" content=\"2023-10-15T16:37:16+00:00\" \/>\n<meta name=\"twitter:label1\" content=\"Tiempo de lectura\" \/>\n\t<meta name=\"twitter:data1\" content=\"1 minuto\" \/>\n<script type=\"application\/ld+json\" class=\"yoast-schema-graph\">{\"@context\":\"https:\/\/schema.org\",\"@graph\":[{\"@type\":\"WebPage\",\"@id\":\"https:\/\/margem.pt\/es\/produto\/margem-bolas-perfumadas-lavanda\/\",\"url\":\"https:\/\/margem.pt\/es\/produto\/margem-bolas-perfumadas-lavanda\/\",\"name\":\"Bolas perfumadas Lavanda | Bolas de naftalina | Limpieza\",\"isPartOf\":{\"@id\":\"https:\/\/margem.pt\/es\/#website\"},\"primaryImageOfPage\":{\"@id\":\"https:\/\/margem.pt\/es\/produto\/margem-bolas-perfumadas-lavanda\/#primaryimage\"},\"image\":{\"@id\":\"https:\/\/margem.pt\/es\/produto\/margem-bolas-perfumadas-lavanda\/#primaryimage\"},\"thumbnailUrl\":\"https:\/\/margem.pt\/wp-content\/uploads\/2015\/02\/Bolas-perfumadas-naftalina-Lavanda.webp\",\"datePublished\":\"2015-02-12T01:04:43+00:00\",\"dateModified\":\"2023-10-15T16:37:16+00:00\",\"description\":\"Con las bolas perfumadas con perfume Lavanda proteger su ropa se ton\u00f3 f\u00e1cil y agradable. Las pr\u00e1cticas de usar y aplicar, son la protecci\u00f3n ideal da ropa.\",\"breadcrumb\":{\"@id\":\"https:\/\/margem.pt\/es\/produto\/margem-bolas-perfumadas-lavanda\/#breadcrumb\"},\"inLanguage\":\"es\",\"potentialAction\":[{\"@type\":\"ReadAction\",\"target\":[\"https:\/\/margem.pt\/es\/produto\/margem-bolas-perfumadas-lavanda\/\"]}]},{\"@type\":\"ImageObject\",\"inLanguage\":\"es\",\"@id\":\"https:\/\/margem.pt\/es\/produto\/margem-bolas-perfumadas-lavanda\/#primaryimage\",\"url\":\"https:\/\/margem.pt\/wp-content\/uploads\/2015\/02\/Bolas-perfumadas-naftalina-Lavanda.webp\",\"contentUrl\":\"https:\/\/margem.pt\/wp-content\/uploads\/2015\/02\/Bolas-perfumadas-naftalina-Lavanda.webp\",\"width\":580,\"height\":800,\"caption\":\"Bolas perfumadas de Naftalina perfume Lavanda\"},{\"@type\":\"BreadcrumbList\",\"@id\":\"https:\/\/margem.pt\/es\/produto\/margem-bolas-perfumadas-lavanda\/#breadcrumb\",\"itemListElement\":[{\"@type\":\"ListItem\",\"position\":1,\"name\":\"In\u00edcio\",\"item\":\"https:\/\/margem.pt\/es\/\"},{\"@type\":\"ListItem\",\"position\":2,\"name\":\"Tienda\",\"item\":\"https:\/\/margem.pt\/es\/tienda\/\"},{\"@type\":\"ListItem\",\"position\":3,\"name\":\"MARGEM &#8211; BOLAS PERFUMADAS &#8211; LAVANDA\"}]},{\"@type\":\"WebSite\",\"@id\":\"https:\/\/margem.pt\/es\/#website\",\"url\":\"https:\/\/margem.pt\/es\/\",\"name\":\"MARGEM\",\"description\":\"Produtos de Higiene e Limpeza\",\"potentialAction\":[{\"@type\":\"SearchAction\",\"target\":{\"@type\":\"EntryPoint\",\"urlTemplate\":\"https:\/\/margem.pt\/es\/?s={search_term_string}\"},\"query-input\":{\"@type\":\"PropertyValueSpecification\",\"valueRequired\":true,\"valueName\":\"search_term_string\"}}],\"inLanguage\":\"es\"}]}<\/script>\n<!-- \/ Yoast SEO plugin. -->","yoast_head_json":{"title":"Bolas perfumadas Lavanda | Bolas de naftalina | Limpieza","description":"Con las bolas perfumadas con perfume Lavanda proteger su ropa se ton\u00f3 f\u00e1cil y agradable. Las pr\u00e1cticas de usar y aplicar, son la protecci\u00f3n ideal da ropa.","robots":{"index":"index","follow":"follow","max-snippet":"max-snippet:-1","max-image-preview":"max-image-preview:large","max-video-preview":"max-video-preview:-1"},"canonical":"https:\/\/margem.pt\/es\/produto\/margem-bolas-perfumadas-lavanda\/","og_locale":"es_ES","og_type":"article","og_title":"Bolas perfumadas Lavanda | Bolas de naftalina | Limpieza","og_description":"Con las bolas perfumadas con perfume Lavanda proteger su ropa se ton\u00f3 f\u00e1cil y agradable. Las pr\u00e1cticas de usar y aplicar, son la protecci\u00f3n ideal da ropa.","og_url":"https:\/\/margem.pt\/es\/produto\/margem-bolas-perfumadas-lavanda\/","og_site_name":"MARGEM","article_modified_time":"2023-10-15T16:37:16+00:00","twitter_misc":{"Tiempo de lectura":"1 minuto"},"schema":{"@context":"https:\/\/schema.org","@graph":[{"@type":"WebPage","@id":"https:\/\/margem.pt\/es\/produto\/margem-bolas-perfumadas-lavanda\/","url":"https:\/\/margem.pt\/es\/produto\/margem-bolas-perfumadas-lavanda\/","name":"Bolas perfumadas Lavanda | Bolas de naftalina | Limpieza","isPartOf":{"@id":"https:\/\/margem.pt\/es\/#website"},"primaryImageOfPage":{"@id":"https:\/\/margem.pt\/es\/produto\/margem-bolas-perfumadas-lavanda\/#primaryimage"},"image":{"@id":"https:\/\/margem.pt\/es\/produto\/margem-bolas-perfumadas-lavanda\/#primaryimage"},"thumbnailUrl":"https:\/\/margem.pt\/wp-content\/uploads\/2015\/02\/Bolas-perfumadas-naftalina-Lavanda.webp","datePublished":"2015-02-12T01:04:43+00:00","dateModified":"2023-10-15T16:37:16+00:00","description":"Con las bolas perfumadas con perfume Lavanda proteger su ropa se ton\u00f3 f\u00e1cil y agradable. Las pr\u00e1cticas de usar y aplicar, son la protecci\u00f3n ideal da ropa.","breadcrumb":{"@id":"https:\/\/margem.pt\/es\/produto\/margem-bolas-perfumadas-lavanda\/#breadcrumb"},"inLanguage":"es","potentialAction":[{"@type":"ReadAction","target":["https:\/\/margem.pt\/es\/produto\/margem-bolas-perfumadas-lavanda\/"]}]},{"@type":"ImageObject","inLanguage":"es","@id":"https:\/\/margem.pt\/es\/produto\/margem-bolas-perfumadas-lavanda\/#primaryimage","url":"https:\/\/margem.pt\/wp-content\/uploads\/2015\/02\/Bolas-perfumadas-naftalina-Lavanda.webp","contentUrl":"https:\/\/margem.pt\/wp-content\/uploads\/2015\/02\/Bolas-perfumadas-naftalina-Lavanda.webp","width":580,"height":800,"caption":"Bolas perfumadas de Naftalina perfume Lavanda"},{"@type":"BreadcrumbList","@id":"https:\/\/margem.pt\/es\/produto\/margem-bolas-perfumadas-lavanda\/#breadcrumb","itemListElement":[{"@type":"ListItem","position":1,"name":"In\u00edcio","item":"https:\/\/margem.pt\/es\/"},{"@type":"ListItem","position":2,"name":"Tienda","item":"https:\/\/margem.pt\/es\/tienda\/"},{"@type":"ListItem","position":3,"name":"MARGEM &#8211; BOLAS PERFUMADAS &#8211; LAVANDA"}]},{"@type":"WebSite","@id":"https:\/\/margem.pt\/es\/#website","url":"https:\/\/margem.pt\/es\/","name":"MARGEM","description":"Produtos de Higiene e Limpeza","potentialAction":[{"@type":"SearchAction","target":{"@type":"EntryPoint","urlTemplate":"https:\/\/margem.pt\/es\/?s={search_term_string}"},"query-input":{"@type":"PropertyValueSpecification","valueRequired":true,"valueName":"search_term_string"}}],"inLanguage":"es"}]}},"_links":{"self":[{"href":"https:\/\/margem.pt\/es\/wp-json\/wp\/v2\/product\/3969","targetHints":{"allow":["GET"]}}],"collection":[{"href":"https:\/\/margem.pt\/es\/wp-json\/wp\/v2\/product"}],"about":[{"href":"https:\/\/margem.pt\/es\/wp-json\/wp\/v2\/types\/product"}],"replies":[{"embeddable":true,"href":"https:\/\/margem.pt\/es\/wp-json\/wp\/v2\/comments?post=3969"}],"wp:featuredmedia":[{"embeddable":true,"href":"https:\/\/margem.pt\/es\/wp-json\/wp\/v2\/media\/8390"}],"wp:attachment":[{"href":"https:\/\/margem.pt\/es\/wp-json\/wp\/v2\/media?parent=3969"}],"wp:term":[{"taxonomy":"product_brand","embeddable":true,"href":"https:\/\/margem.pt\/es\/wp-json\/wp\/v2\/product_brand?post=3969"},{"taxonomy":"product_cat","embeddable":true,"href":"https:\/\/margem.pt\/es\/wp-json\/wp\/v2\/product_cat?post=3969"},{"taxonomy":"product_tag","embeddable":true,"href":"https:\/\/margem.pt\/es\/wp-json\/wp\/v2\/product_tag?post=3969"}],"curies":[{"name":"wp","href":"https:\/\/api.w.org\/{rel}","templated":true}]}}