{"id":3923,"date":"2015-02-12T16:32:14","date_gmt":"2015-02-12T16:32:14","guid":{"rendered":"https:\/\/margem.local\/produto\/esponja-para-automovil\/"},"modified":"2020-06-08T14:59:18","modified_gmt":"2020-06-08T14:59:18","slug":"esponja-para-automovil","status":"publish","type":"product","link":"https:\/\/margem.pt\/es\/produto\/esponja-para-automovil\/","title":{"rendered":"ESPONJA PARA AUTOM\u00d3VIL"},"content":{"rendered":"<h2>PARA UN LAVADO PERFECTO<\/h2>\n<h3>ESPONJA PARA AUTOM\u00d3VIL<\/h3>\n<p class=\"texto16\">Con la <strong>Esponja para Autom\u00f3vil MargiAuto<\/strong>, lavar su coche, moto o caravana no pod\u00eda ser m\u00e1s f\u00e1cil dej\u00e1ndolo brillante.<\/p>\n<h4>Modo de uso:<\/h4>\n<p>Diversas formas de uso.<\/p>\n<h4>Presentaci\u00f3n:<\/h4>\n<p>Por unidad para los consumidores finales.<\/p>\n<p><a href=\"https:\/\/margem.pt\/es\/categoria-producto\/auto-es\/\">\u00a1Conozca todos los productos de la L\u00ednea Auto de MARGEM aqu\u00ed!<\/a><\/p>\n","protected":false},"excerpt":{"rendered":"<h2>PARA UN LAVADO PERFECTO<\/h2>\n<p>Lava su coche, moto o caravana dej\u00e1ndolo brillante.<\/p>\n","protected":false},"featured_media":8322,"comment_status":"open","ping_status":"closed","template":"","meta":{"_acf_changed":false},"product_brand":[],"product_cat":[131],"product_tag":[],"class_list":{"0":"post-3923","1":"product","2":"type-product","3":"status-publish","4":"has-post-thumbnail","6":"product_cat-auto-es","8":"first","9":"instock","10":"taxable","11":"shipping-taxable","12":"purchasable","13":"product-type-simple"},"acf":[],"yoast_head":"<!-- This site is optimized with the Yoast SEO plugin v24.6 - https:\/\/yoast.com\/wordpress\/plugins\/seo\/ -->\n<title>ESPONJA PARA AUTOM\u00d3VIL | Esponja Auto | Limpieza Auto | MargiAuto<\/title>\n<meta name=\"description\" content=\"Utiliza la Esponja Auto de MrgiAuto y asegura los mejores resultados \u00a1Por qu\u00e9! Una esponja que le ayudar\u00e1 a tener su coche siempre bien cuidado.\" \/>\n<meta name=\"robots\" content=\"index, follow, max-snippet:-1, max-image-preview:large, max-video-preview:-1\" \/>\n<link rel=\"canonical\" href=\"https:\/\/margem.pt\/es\/produto\/esponja-para-automovil\/\" \/>\n<meta property=\"og:locale\" content=\"es_ES\" \/>\n<meta property=\"og:type\" content=\"article\" \/>\n<meta property=\"og:title\" content=\"ESPONJA PARA AUTOM\u00d3VIL | Esponja Auto | Limpieza Auto | MargiAuto\" \/>\n<meta property=\"og:description\" content=\"Utiliza la Esponja Auto de MrgiAuto y asegura los mejores resultados \u00a1Por qu\u00e9! Una esponja que le ayudar\u00e1 a tener su coche siempre bien cuidado.\" \/>\n<meta property=\"og:url\" content=\"https:\/\/margem.pt\/es\/produto\/esponja-para-automovil\/\" \/>\n<meta property=\"og:site_name\" content=\"MARGEM\" \/>\n<meta property=\"article:modified_time\" content=\"2020-06-08T14:59:18+00:00\" \/>\n<meta property=\"og:image\" content=\"https:\/\/margem.pt\/wp-content\/uploads\/2016\/03\/Esponja-Auto.jpg\" \/>\n\t<meta property=\"og:image:width\" content=\"580\" \/>\n\t<meta property=\"og:image:height\" content=\"798\" \/>\n\t<meta property=\"og:image:type\" content=\"image\/jpeg\" \/>\n<script type=\"application\/ld+json\" class=\"yoast-schema-graph\">{\"@context\":\"https:\/\/schema.org\",\"@graph\":[{\"@type\":\"WebPage\",\"@id\":\"https:\/\/margem.pt\/es\/produto\/esponja-para-automovil\/\",\"url\":\"https:\/\/margem.pt\/es\/produto\/esponja-para-automovil\/\",\"name\":\"ESPONJA PARA AUTOM\u00d3VIL | Esponja Auto | Limpieza Auto | MargiAuto\",\"isPartOf\":{\"@id\":\"https:\/\/margem.pt\/es\/#website\"},\"primaryImageOfPage\":{\"@id\":\"https:\/\/margem.pt\/es\/produto\/esponja-para-automovil\/#primaryimage\"},\"image\":{\"@id\":\"https:\/\/margem.pt\/es\/produto\/esponja-para-automovil\/#primaryimage\"},\"thumbnailUrl\":\"https:\/\/margem.pt\/wp-content\/uploads\/2015\/02\/Esponja-Auto.webp\",\"datePublished\":\"2015-02-12T16:32:14+00:00\",\"dateModified\":\"2020-06-08T14:59:18+00:00\",\"description\":\"Utiliza la Esponja Auto de MrgiAuto y asegura los mejores resultados \u00a1Por qu\u00e9! Una esponja que le ayudar\u00e1 a tener su coche siempre bien cuidado.\",\"breadcrumb\":{\"@id\":\"https:\/\/margem.pt\/es\/produto\/esponja-para-automovil\/#breadcrumb\"},\"inLanguage\":\"es\",\"potentialAction\":[{\"@type\":\"ReadAction\",\"target\":[\"https:\/\/margem.pt\/es\/produto\/esponja-para-automovil\/\"]}]},{\"@type\":\"ImageObject\",\"inLanguage\":\"es\",\"@id\":\"https:\/\/margem.pt\/es\/produto\/esponja-para-automovil\/#primaryimage\",\"url\":\"https:\/\/margem.pt\/wp-content\/uploads\/2015\/02\/Esponja-Auto.webp\",\"contentUrl\":\"https:\/\/margem.pt\/wp-content\/uploads\/2015\/02\/Esponja-Auto.webp\",\"width\":580,\"height\":798,\"caption\":\"Esponja Auto\"},{\"@type\":\"BreadcrumbList\",\"@id\":\"https:\/\/margem.pt\/es\/produto\/esponja-para-automovil\/#breadcrumb\",\"itemListElement\":[{\"@type\":\"ListItem\",\"position\":1,\"name\":\"In\u00edcio\",\"item\":\"https:\/\/margem.pt\/es\/\"},{\"@type\":\"ListItem\",\"position\":2,\"name\":\"Tienda\",\"item\":\"https:\/\/margem.pt\/es\/tienda\/\"},{\"@type\":\"ListItem\",\"position\":3,\"name\":\"ESPONJA PARA AUTOM\u00d3VIL\"}]},{\"@type\":\"WebSite\",\"@id\":\"https:\/\/margem.pt\/es\/#website\",\"url\":\"https:\/\/margem.pt\/es\/\",\"name\":\"MARGEM\",\"description\":\"Produtos de Higiene e Limpeza\",\"potentialAction\":[{\"@type\":\"SearchAction\",\"target\":{\"@type\":\"EntryPoint\",\"urlTemplate\":\"https:\/\/margem.pt\/es\/?s={search_term_string}\"},\"query-input\":{\"@type\":\"PropertyValueSpecification\",\"valueRequired\":true,\"valueName\":\"search_term_string\"}}],\"inLanguage\":\"es\"}]}<\/script>\n<!-- \/ Yoast SEO plugin. -->","yoast_head_json":{"title":"ESPONJA PARA AUTOM\u00d3VIL | Esponja Auto | Limpieza Auto | MargiAuto","description":"Utiliza la Esponja Auto de MrgiAuto y asegura los mejores resultados \u00a1Por qu\u00e9! Una esponja que le ayudar\u00e1 a tener su coche siempre bien cuidado.","robots":{"index":"index","follow":"follow","max-snippet":"max-snippet:-1","max-image-preview":"max-image-preview:large","max-video-preview":"max-video-preview:-1"},"canonical":"https:\/\/margem.pt\/es\/produto\/esponja-para-automovil\/","og_locale":"es_ES","og_type":"article","og_title":"ESPONJA PARA AUTOM\u00d3VIL | Esponja Auto | Limpieza Auto | MargiAuto","og_description":"Utiliza la Esponja Auto de MrgiAuto y asegura los mejores resultados \u00a1Por qu\u00e9! Una esponja que le ayudar\u00e1 a tener su coche siempre bien cuidado.","og_url":"https:\/\/margem.pt\/es\/produto\/esponja-para-automovil\/","og_site_name":"MARGEM","article_modified_time":"2020-06-08T14:59:18+00:00","og_image":[{"width":580,"height":798,"url":"https:\/\/margem.pt\/wp-content\/uploads\/2016\/03\/Esponja-Auto.jpg","type":"image\/jpeg"}],"schema":{"@context":"https:\/\/schema.org","@graph":[{"@type":"WebPage","@id":"https:\/\/margem.pt\/es\/produto\/esponja-para-automovil\/","url":"https:\/\/margem.pt\/es\/produto\/esponja-para-automovil\/","name":"ESPONJA PARA AUTOM\u00d3VIL | Esponja Auto | Limpieza Auto | MargiAuto","isPartOf":{"@id":"https:\/\/margem.pt\/es\/#website"},"primaryImageOfPage":{"@id":"https:\/\/margem.pt\/es\/produto\/esponja-para-automovil\/#primaryimage"},"image":{"@id":"https:\/\/margem.pt\/es\/produto\/esponja-para-automovil\/#primaryimage"},"thumbnailUrl":"https:\/\/margem.pt\/wp-content\/uploads\/2015\/02\/Esponja-Auto.webp","datePublished":"2015-02-12T16:32:14+00:00","dateModified":"2020-06-08T14:59:18+00:00","description":"Utiliza la Esponja Auto de MrgiAuto y asegura los mejores resultados \u00a1Por qu\u00e9! Una esponja que le ayudar\u00e1 a tener su coche siempre bien cuidado.","breadcrumb":{"@id":"https:\/\/margem.pt\/es\/produto\/esponja-para-automovil\/#breadcrumb"},"inLanguage":"es","potentialAction":[{"@type":"ReadAction","target":["https:\/\/margem.pt\/es\/produto\/esponja-para-automovil\/"]}]},{"@type":"ImageObject","inLanguage":"es","@id":"https:\/\/margem.pt\/es\/produto\/esponja-para-automovil\/#primaryimage","url":"https:\/\/margem.pt\/wp-content\/uploads\/2015\/02\/Esponja-Auto.webp","contentUrl":"https:\/\/margem.pt\/wp-content\/uploads\/2015\/02\/Esponja-Auto.webp","width":580,"height":798,"caption":"Esponja Auto"},{"@type":"BreadcrumbList","@id":"https:\/\/margem.pt\/es\/produto\/esponja-para-automovil\/#breadcrumb","itemListElement":[{"@type":"ListItem","position":1,"name":"In\u00edcio","item":"https:\/\/margem.pt\/es\/"},{"@type":"ListItem","position":2,"name":"Tienda","item":"https:\/\/margem.pt\/es\/tienda\/"},{"@type":"ListItem","position":3,"name":"ESPONJA PARA AUTOM\u00d3VIL"}]},{"@type":"WebSite","@id":"https:\/\/margem.pt\/es\/#website","url":"https:\/\/margem.pt\/es\/","name":"MARGEM","description":"Produtos de Higiene e Limpeza","potentialAction":[{"@type":"SearchAction","target":{"@type":"EntryPoint","urlTemplate":"https:\/\/margem.pt\/es\/?s={search_term_string}"},"query-input":{"@type":"PropertyValueSpecification","valueRequired":true,"valueName":"search_term_string"}}],"inLanguage":"es"}]}},"_links":{"self":[{"href":"https:\/\/margem.pt\/es\/wp-json\/wp\/v2\/product\/3923","targetHints":{"allow":["GET"]}}],"collection":[{"href":"https:\/\/margem.pt\/es\/wp-json\/wp\/v2\/product"}],"about":[{"href":"https:\/\/margem.pt\/es\/wp-json\/wp\/v2\/types\/product"}],"replies":[{"embeddable":true,"href":"https:\/\/margem.pt\/es\/wp-json\/wp\/v2\/comments?post=3923"}],"wp:featuredmedia":[{"embeddable":true,"href":"https:\/\/margem.pt\/es\/wp-json\/wp\/v2\/media\/8322"}],"wp:attachment":[{"href":"https:\/\/margem.pt\/es\/wp-json\/wp\/v2\/media?parent=3923"}],"wp:term":[{"taxonomy":"product_brand","embeddable":true,"href":"https:\/\/margem.pt\/es\/wp-json\/wp\/v2\/product_brand?post=3923"},{"taxonomy":"product_cat","embeddable":true,"href":"https:\/\/margem.pt\/es\/wp-json\/wp\/v2\/product_cat?post=3923"},{"taxonomy":"product_tag","embeddable":true,"href":"https:\/\/margem.pt\/es\/wp-json\/wp\/v2\/product_tag?post=3923"}],"curies":[{"name":"wp","href":"https:\/\/api.w.org\/{rel}","templated":true}]}}