{"id":3752,"date":"2015-02-13T00:19:28","date_gmt":"2015-02-13T00:19:28","guid":{"rendered":"https:\/\/margem.local\/produto\/margem-aceite-de-cedro\/"},"modified":"2024-02-28T12:46:00","modified_gmt":"2024-02-28T12:46:00","slug":"margem-aceite-de-cedro","status":"publish","type":"product","link":"https:\/\/margem.pt\/es\/produto\/margem-aceite-de-cedro\/","title":{"rendered":"MARGEM &#8211; ACEITE DE CEDRO  &#8211; 200ml"},"content":{"rendered":"<h2>MADERAS PROTEGIDAS Y BRILLANTES<\/h2>\n<h3>ACEITE DE CEDRO L\u00cdQUIDO<\/h3>\n<p class=\"texto16\">Dele m\u00e1s vida y proteja la belleza natural de sus muebles y de sus maderas con el <strong>Aceite de Cedro Margem<\/strong>.<\/p>\n<p class=\"texto16\">Desarrollado para garantizar un tratamiento eficaz y duradero en todo tipo de maderas.<\/p>\n<p class=\"texto16\">Limpia, cuida, nutre y protege sus muebles prolongando su vida y su belleza natural, manteniendo el agradable y fresco aroma) de la madera y del cedro por mucho m\u00e1s tiempo.<\/p>\n<h4>Modo de uso:<\/h4>\n<p>Utilice un pa\u00f1o suave para aplicar el aceite sobre la superficie. Deje secar bien. Para obtener el brillo original pasar con un pa\u00f1o suave.<\/p>\n<h4>Conselhos<\/h4>\n<p>Manter fora do alcance das crian\u00e7as. Conservar \u00e0 temperatura ambiente, protegido da luz e calor.<\/p>\n<h4>(\u00bf) Sab\u00eda que\u2026<\/h4>\n<p>El aceite de cedro natural, por sus propiedades, es un excelente repelente de insectos y si se usa regularmente en sus maderas ayuda a alejar el carcoma, las polillas y muchos otros insectos?<\/p>\n<h4>Presentaci\u00f3n:<\/h4>\n<p>Por unidad para los consumidores finales.<br \/>\nCapacidad: 200 ml<\/p>\n<h4>Portugal Sou Eu<\/h4>\n<p>Una apuesta a la calidad de los productos portugueses con garant\u00eda para los consumidores.<br \/>\n\u00a1MARGEM, productos portugueses confiables!<\/p>\n<p><a href=\"https:\/\/margem.pt\/es\/categoria-producto\/limpieza-de-muebles\/\">\u00a1Conozca todos los productos de la L\u00ednea Muebles de MARGEM aqu\u00ed!<\/a><\/p>\n","protected":false},"excerpt":{"rendered":"<h2>MADERAS PROTEGIDAS Y BRILLANTES<\/h2>\n<p>Da m\u00e1s vida y protege la belleza natural de sus muebles y sus maderas. El aceite de cedro de Margem, cuida y nutre sus maderas por mucho m\u00e1s tiempo mientras deja un aroma a naturaleza con la frescura del cedro.<\/p>\n<p>Sienta la diferencia y sus muebles van a adorar.<\/p>\n","protected":false},"featured_media":8286,"comment_status":"open","ping_status":"closed","template":"","meta":{"_acf_changed":false},"product_brand":[],"product_cat":[124],"product_tag":[],"class_list":{"0":"post-3752","1":"product","2":"type-product","3":"status-publish","4":"has-post-thumbnail","6":"product_cat-limpieza-de-muebles","8":"first","9":"instock","10":"featured","11":"taxable","12":"shipping-taxable","13":"purchasable","14":"product-type-simple"},"acf":[],"yoast_head":"<!-- This site is optimized with the Yoast SEO plugin v24.6 - https:\/\/yoast.com\/wordpress\/plugins\/seo\/ -->\n<title>Aceite de Cedro L\u00edquido | Limpeza Muebles | MARGEM<\/title>\n<meta name=\"description\" content=\"El Aceite de Cedro Margem es f\u00e1cil de aplicar. Mantenga la belleza natural de sus muebles y maderas, protegidas y cuidadas. Ver c\u00f3mo.\" \/>\n<meta name=\"robots\" content=\"index, follow, max-snippet:-1, max-image-preview:large, max-video-preview:-1\" \/>\n<link rel=\"canonical\" href=\"https:\/\/margem.pt\/es\/produto\/margem-aceite-de-cedro\/\" \/>\n<meta property=\"og:locale\" content=\"es_ES\" \/>\n<meta property=\"og:type\" content=\"article\" \/>\n<meta property=\"og:title\" content=\"Aceite de Cedro L\u00edquido | Limpeza Muebles | MARGEM\" \/>\n<meta property=\"og:description\" content=\"El Aceite de Cedro Margem es f\u00e1cil de aplicar. Mantenga la belleza natural de sus muebles y maderas, protegidas y cuidadas. Ver c\u00f3mo.\" \/>\n<meta property=\"og:url\" content=\"https:\/\/margem.pt\/es\/produto\/margem-aceite-de-cedro\/\" \/>\n<meta property=\"og:site_name\" content=\"MARGEM\" \/>\n<meta property=\"article:modified_time\" content=\"2024-02-28T12:46:00+00:00\" \/>\n<meta name=\"twitter:label1\" content=\"Tiempo de lectura\" \/>\n\t<meta name=\"twitter:data1\" content=\"1 minuto\" \/>\n<script type=\"application\/ld+json\" class=\"yoast-schema-graph\">{\"@context\":\"https:\/\/schema.org\",\"@graph\":[{\"@type\":\"WebPage\",\"@id\":\"https:\/\/margem.pt\/es\/produto\/margem-aceite-de-cedro\/\",\"url\":\"https:\/\/margem.pt\/es\/produto\/margem-aceite-de-cedro\/\",\"name\":\"Aceite de Cedro L\u00edquido | Limpeza Muebles | MARGEM\",\"isPartOf\":{\"@id\":\"https:\/\/margem.pt\/es\/#website\"},\"primaryImageOfPage\":{\"@id\":\"https:\/\/margem.pt\/es\/produto\/margem-aceite-de-cedro\/#primaryimage\"},\"image\":{\"@id\":\"https:\/\/margem.pt\/es\/produto\/margem-aceite-de-cedro\/#primaryimage\"},\"thumbnailUrl\":\"https:\/\/margem.pt\/wp-content\/uploads\/2015\/02\/Oleo-de-Cedro-liquido.webp\",\"datePublished\":\"2015-02-13T00:19:28+00:00\",\"dateModified\":\"2024-02-28T12:46:00+00:00\",\"description\":\"El Aceite de Cedro Margem es f\u00e1cil de aplicar. Mantenga la belleza natural de sus muebles y maderas, protegidas y cuidadas. Ver c\u00f3mo.\",\"breadcrumb\":{\"@id\":\"https:\/\/margem.pt\/es\/produto\/margem-aceite-de-cedro\/#breadcrumb\"},\"inLanguage\":\"es\",\"potentialAction\":[{\"@type\":\"ReadAction\",\"target\":[\"https:\/\/margem.pt\/es\/produto\/margem-aceite-de-cedro\/\"]}]},{\"@type\":\"ImageObject\",\"inLanguage\":\"es\",\"@id\":\"https:\/\/margem.pt\/es\/produto\/margem-aceite-de-cedro\/#primaryimage\",\"url\":\"https:\/\/margem.pt\/wp-content\/uploads\/2015\/02\/Oleo-de-Cedro-liquido.webp\",\"contentUrl\":\"https:\/\/margem.pt\/wp-content\/uploads\/2015\/02\/Oleo-de-Cedro-liquido.webp\",\"width\":580,\"height\":800,\"caption\":\"\u00d3leo de Cedro L\u00edquido\"},{\"@type\":\"BreadcrumbList\",\"@id\":\"https:\/\/margem.pt\/es\/produto\/margem-aceite-de-cedro\/#breadcrumb\",\"itemListElement\":[{\"@type\":\"ListItem\",\"position\":1,\"name\":\"In\u00edcio\",\"item\":\"https:\/\/margem.pt\/es\/\"},{\"@type\":\"ListItem\",\"position\":2,\"name\":\"Tienda\",\"item\":\"https:\/\/margem.pt\/es\/tienda\/\"},{\"@type\":\"ListItem\",\"position\":3,\"name\":\"MARGEM &#8211; ACEITE DE CEDRO &#8211; 200ml\"}]},{\"@type\":\"WebSite\",\"@id\":\"https:\/\/margem.pt\/es\/#website\",\"url\":\"https:\/\/margem.pt\/es\/\",\"name\":\"MARGEM\",\"description\":\"Produtos de Higiene e Limpeza\",\"potentialAction\":[{\"@type\":\"SearchAction\",\"target\":{\"@type\":\"EntryPoint\",\"urlTemplate\":\"https:\/\/margem.pt\/es\/?s={search_term_string}\"},\"query-input\":{\"@type\":\"PropertyValueSpecification\",\"valueRequired\":true,\"valueName\":\"search_term_string\"}}],\"inLanguage\":\"es\"}]}<\/script>\n<!-- \/ Yoast SEO plugin. -->","yoast_head_json":{"title":"Aceite de Cedro L\u00edquido | Limpeza Muebles | MARGEM","description":"El Aceite de Cedro Margem es f\u00e1cil de aplicar. Mantenga la belleza natural de sus muebles y maderas, protegidas y cuidadas. Ver c\u00f3mo.","robots":{"index":"index","follow":"follow","max-snippet":"max-snippet:-1","max-image-preview":"max-image-preview:large","max-video-preview":"max-video-preview:-1"},"canonical":"https:\/\/margem.pt\/es\/produto\/margem-aceite-de-cedro\/","og_locale":"es_ES","og_type":"article","og_title":"Aceite de Cedro L\u00edquido | Limpeza Muebles | MARGEM","og_description":"El Aceite de Cedro Margem es f\u00e1cil de aplicar. Mantenga la belleza natural de sus muebles y maderas, protegidas y cuidadas. Ver c\u00f3mo.","og_url":"https:\/\/margem.pt\/es\/produto\/margem-aceite-de-cedro\/","og_site_name":"MARGEM","article_modified_time":"2024-02-28T12:46:00+00:00","twitter_misc":{"Tiempo de lectura":"1 minuto"},"schema":{"@context":"https:\/\/schema.org","@graph":[{"@type":"WebPage","@id":"https:\/\/margem.pt\/es\/produto\/margem-aceite-de-cedro\/","url":"https:\/\/margem.pt\/es\/produto\/margem-aceite-de-cedro\/","name":"Aceite de Cedro L\u00edquido | Limpeza Muebles | MARGEM","isPartOf":{"@id":"https:\/\/margem.pt\/es\/#website"},"primaryImageOfPage":{"@id":"https:\/\/margem.pt\/es\/produto\/margem-aceite-de-cedro\/#primaryimage"},"image":{"@id":"https:\/\/margem.pt\/es\/produto\/margem-aceite-de-cedro\/#primaryimage"},"thumbnailUrl":"https:\/\/margem.pt\/wp-content\/uploads\/2015\/02\/Oleo-de-Cedro-liquido.webp","datePublished":"2015-02-13T00:19:28+00:00","dateModified":"2024-02-28T12:46:00+00:00","description":"El Aceite de Cedro Margem es f\u00e1cil de aplicar. Mantenga la belleza natural de sus muebles y maderas, protegidas y cuidadas. Ver c\u00f3mo.","breadcrumb":{"@id":"https:\/\/margem.pt\/es\/produto\/margem-aceite-de-cedro\/#breadcrumb"},"inLanguage":"es","potentialAction":[{"@type":"ReadAction","target":["https:\/\/margem.pt\/es\/produto\/margem-aceite-de-cedro\/"]}]},{"@type":"ImageObject","inLanguage":"es","@id":"https:\/\/margem.pt\/es\/produto\/margem-aceite-de-cedro\/#primaryimage","url":"https:\/\/margem.pt\/wp-content\/uploads\/2015\/02\/Oleo-de-Cedro-liquido.webp","contentUrl":"https:\/\/margem.pt\/wp-content\/uploads\/2015\/02\/Oleo-de-Cedro-liquido.webp","width":580,"height":800,"caption":"\u00d3leo de Cedro L\u00edquido"},{"@type":"BreadcrumbList","@id":"https:\/\/margem.pt\/es\/produto\/margem-aceite-de-cedro\/#breadcrumb","itemListElement":[{"@type":"ListItem","position":1,"name":"In\u00edcio","item":"https:\/\/margem.pt\/es\/"},{"@type":"ListItem","position":2,"name":"Tienda","item":"https:\/\/margem.pt\/es\/tienda\/"},{"@type":"ListItem","position":3,"name":"MARGEM &#8211; ACEITE DE CEDRO &#8211; 200ml"}]},{"@type":"WebSite","@id":"https:\/\/margem.pt\/es\/#website","url":"https:\/\/margem.pt\/es\/","name":"MARGEM","description":"Produtos de Higiene e Limpeza","potentialAction":[{"@type":"SearchAction","target":{"@type":"EntryPoint","urlTemplate":"https:\/\/margem.pt\/es\/?s={search_term_string}"},"query-input":{"@type":"PropertyValueSpecification","valueRequired":true,"valueName":"search_term_string"}}],"inLanguage":"es"}]}},"_links":{"self":[{"href":"https:\/\/margem.pt\/es\/wp-json\/wp\/v2\/product\/3752","targetHints":{"allow":["GET"]}}],"collection":[{"href":"https:\/\/margem.pt\/es\/wp-json\/wp\/v2\/product"}],"about":[{"href":"https:\/\/margem.pt\/es\/wp-json\/wp\/v2\/types\/product"}],"replies":[{"embeddable":true,"href":"https:\/\/margem.pt\/es\/wp-json\/wp\/v2\/comments?post=3752"}],"wp:featuredmedia":[{"embeddable":true,"href":"https:\/\/margem.pt\/es\/wp-json\/wp\/v2\/media\/8286"}],"wp:attachment":[{"href":"https:\/\/margem.pt\/es\/wp-json\/wp\/v2\/media?parent=3752"}],"wp:term":[{"taxonomy":"product_brand","embeddable":true,"href":"https:\/\/margem.pt\/es\/wp-json\/wp\/v2\/product_brand?post=3752"},{"taxonomy":"product_cat","embeddable":true,"href":"https:\/\/margem.pt\/es\/wp-json\/wp\/v2\/product_cat?post=3752"},{"taxonomy":"product_tag","embeddable":true,"href":"https:\/\/margem.pt\/es\/wp-json\/wp\/v2\/product_tag?post=3752"}],"curies":[{"name":"wp","href":"https:\/\/api.w.org\/{rel}","templated":true}]}}