{"id":3715,"date":"2019-02-15T09:56:48","date_gmt":"2019-02-15T09:56:48","guid":{"rendered":"https:\/\/margem.local\/empresa\/"},"modified":"2023-12-21T18:32:15","modified_gmt":"2023-12-21T18:32:15","slug":"empresa","status":"publish","type":"page","link":"https:\/\/margem.pt\/es\/empresa\/","title":{"rendered":"Empresa"},"content":{"rendered":"<p><div class=\"fusion-fullwidth fullwidth-box fusion-builder-row-1 fusion-flex-container nonhundred-percent-fullwidth non-hundred-percent-height-scrolling\" style=\"--awb-border-radius-top-left:0px;--awb-border-radius-top-right:0px;--awb-border-radius-bottom-right:0px;--awb-border-radius-bottom-left:0px;--awb-flex-wrap:wrap;\" id=\"sobre-nos\" ><div class=\"fusion-builder-row fusion-row fusion-flex-align-items-stretch fusion-flex-content-wrap\" style=\"max-width:1144px;margin-left: calc(-4% \/ 2 );margin-right: calc(-4% \/ 2 );\"><div class=\"fusion-layout-column fusion_builder_column fusion-builder-column-0 fusion_builder_column_1_2 1_2 fusion-flex-column\" style=\"--awb-bg-size:cover;--awb-width-large:50%;--awb-margin-top-large:0px;--awb-spacing-right-large:3.84%;--awb-margin-bottom-large:20px;--awb-spacing-left-large:3.84%;--awb-width-medium:50%;--awb-spacing-right-medium:3.84%;--awb-spacing-left-medium:3.84%;--awb-width-small:100%;--awb-spacing-right-small:1.92%;--awb-spacing-left-small:1.92%;\"><div class=\"fusion-column-wrapper fusion-flex-justify-content-center fusion-content-layout-column\"><div class=\"fusion-text fusion-text-1\"><h2>Sobre Nosotros<\/h2>\n<p class=\"p1\"><span class=\"s1\"><strong>MARGEM<\/strong> es una empresa 100% portuguesa con m\u00e1s de <strong>cuatro d\u00e9cadas<\/strong> de experiencia que privilegia la calidad y la excelencia de sus productos y servicios y que est\u00e1 orgullosa de producir m\u00e1s del 90% de los productos puestos en el mercado.<br \/>\n<\/span><\/p>\n<p><span class=\"s1\">Apoyada en una estructura de Recursos Humanos din\u00e1mica y altamente calificada, equipada con la \u00faltima tecnolog\u00eda.<\/span><\/p>\n<p>En <b>MARGEM<\/b> trabajamos continuamente para diversificar nuestra gama de productos, manteniendo la calidad y excelencia de los mismos, siempre con el objetivo final de satisfacer los requisitos m\u00e1s exigentes de nuestros consumidores.<\/p>\n<\/div><\/div><\/div><div class=\"fusion-layout-column fusion_builder_column fusion-builder-column-1 fusion_builder_column_1_2 1_2 fusion-flex-column\" style=\"--awb-bg-size:cover;--awb-width-large:50%;--awb-margin-top-large:0px;--awb-spacing-right-large:3.84%;--awb-margin-bottom-large:20px;--awb-spacing-left-large:3.84%;--awb-width-medium:50%;--awb-spacing-right-medium:3.84%;--awb-spacing-left-medium:3.84%;--awb-width-small:100%;--awb-spacing-right-small:1.92%;--awb-spacing-left-small:1.92%;\"><div class=\"fusion-column-wrapper fusion-flex-justify-content-flex-start fusion-content-layout-column\"><div class=\"fusion-image-element \" style=\"text-align:center;--awb-caption-title-font-family:var(--h2_typography-font-family);--awb-caption-title-font-weight:var(--h2_typography-font-weight);--awb-caption-title-font-style:var(--h2_typography-font-style);--awb-caption-title-size:var(--h2_typography-font-size);--awb-caption-title-transform:var(--h2_typography-text-transform);--awb-caption-title-line-height:var(--h2_typography-line-height);--awb-caption-title-letter-spacing:var(--h2_typography-letter-spacing);\"><span class=\" fusion-imageframe imageframe-none imageframe-1 hover-type-none\"><img decoding=\"async\" width=\"602\" height=\"406\" title=\"sobre-nos\" src=\"https:\/\/margem.pt\/wp-content\/uploads\/2019\/04\/sobre-nos.jpg\" alt class=\"img-responsive wp-image-4333\" srcset=\"https:\/\/margem.pt\/wp-content\/uploads\/2019\/04\/sobre-nos-200x135.jpg 200w, https:\/\/margem.pt\/wp-content\/uploads\/2019\/04\/sobre-nos-400x270.jpg 400w, https:\/\/margem.pt\/wp-content\/uploads\/2019\/04\/sobre-nos-600x405.jpg 600w, https:\/\/margem.pt\/wp-content\/uploads\/2019\/04\/sobre-nos.jpg 602w\" sizes=\"(max-width: 640px) 100vw, 600px\" \/><\/span><\/div><\/div><\/div><\/div><\/div><div class=\"fusion-bg-parallax\" data-bg-align=\"center center\" data-direction=\"up\" data-mute=\"false\" data-opacity=\"100\" data-velocity=\"-0.3\" data-mobile-enabled=\"false\" data-break_parents=\"0\" data-bg-image=\"https:\/\/margem.pt\/wp-content\/uploads\/2018\/12\/visao.jpg\" data-bg-repeat=\"false\" ><\/div><div class=\"fusion-fullwidth fullwidth-box fusion-builder-row-2 fusion-flex-container fusion-parallax-up nonhundred-percent-fullwidth non-hundred-percent-height-scrolling\" style=\"--awb-border-radius-top-left:0px;--awb-border-radius-top-right:0px;--awb-border-radius-bottom-right:0px;--awb-border-radius-bottom-left:0px;--awb-padding-top:110px;--awb-padding-bottom:90px;--awb-background-image:url(&quot;https:\/\/margem.pt\/wp-content\/uploads\/2018\/12\/visao.jpg&quot;);--awb-background-size:cover;--awb-flex-wrap:wrap;\" id=\"visao\" ><div class=\"fusion-builder-row fusion-row fusion-flex-align-items-flex-start fusion-flex-content-wrap\" style=\"max-width:1144px;margin-left: calc(-4% \/ 2 );margin-right: calc(-4% \/ 2 );\"><div class=\"fusion-layout-column fusion_builder_column fusion-builder-column-2 fusion_builder_column_1_3 1_3 fusion-flex-column\" style=\"--awb-bg-size:cover;--awb-width-large:33.333333333333%;--awb-margin-top-large:0px;--awb-spacing-right-large:5.76%;--awb-margin-bottom-large:20px;--awb-spacing-left-large:5.76%;--awb-width-medium:33.333333333333%;--awb-spacing-right-medium:5.76%;--awb-spacing-left-medium:5.76%;--awb-width-small:100%;--awb-spacing-right-small:1.92%;--awb-spacing-left-small:1.92%;\"><div class=\"fusion-column-wrapper fusion-flex-justify-content-flex-start fusion-content-layout-column\"><\/div><\/div><div class=\"fusion-layout-column fusion_builder_column fusion-builder-column-3 fusion_builder_column_1_6 1_6 fusion-flex-column\" style=\"--awb-bg-size:cover;--awb-width-large:16.666666666667%;--awb-margin-top-large:0px;--awb-spacing-right-large:11.52%;--awb-margin-bottom-large:20px;--awb-spacing-left-large:11.52%;--awb-width-medium:16.666666666667%;--awb-spacing-right-medium:11.52%;--awb-spacing-left-medium:11.52%;--awb-width-small:100%;--awb-spacing-right-small:1.92%;--awb-spacing-left-small:1.92%;\"><div class=\"fusion-column-wrapper fusion-flex-justify-content-flex-start fusion-content-layout-column\"><\/div><\/div><div class=\"fusion-layout-column fusion_builder_column fusion-builder-column-4 fusion_builder_column_1_2 1_2 fusion-flex-column\" style=\"--awb-padding-top:40px;--awb-padding-right:30px;--awb-padding-bottom:20px;--awb-padding-left:30px;--awb-bg-color:#2a5b84;--awb-bg-color-hover:#2a5b84;--awb-bg-size:cover;--awb-width-large:50%;--awb-margin-top-large:0px;--awb-spacing-right-large:3.84%;--awb-margin-bottom-large:20px;--awb-spacing-left-large:3.84%;--awb-width-medium:50%;--awb-spacing-right-medium:3.84%;--awb-spacing-left-medium:3.84%;--awb-width-small:100%;--awb-spacing-right-small:1.92%;--awb-spacing-left-small:1.92%;\"><div class=\"fusion-column-wrapper fusion-flex-justify-content-flex-start fusion-content-layout-column\"><div class=\"fusion-text fusion-text-2\"><h2><span style=\"color: #ffffff;\">\u00a1Una VISI\u00d3N inspiradora!<\/span><\/h2>\n<p><span style=\"color: #ffffff;\">El mundo no se detiene, por lo que somos una empresa orientada hacia el futuro que trabaja con entusiasmo y dedicaci\u00f3n, y utiliza la \u00faltima tecnolog\u00eda para seguir desarrollando productos exitosos.<\/span><\/p>\n<\/div><\/div><\/div><\/div><\/div><div class=\"fusion-fullwidth fullwidth-box fusion-builder-row-3 fusion-flex-container nonhundred-percent-fullwidth non-hundred-percent-height-scrolling\" style=\"--awb-border-radius-top-left:0px;--awb-border-radius-top-right:0px;--awb-border-radius-bottom-right:0px;--awb-border-radius-bottom-left:0px;--awb-padding-right:15%;--awb-padding-left:15%;--awb-flex-wrap:wrap;\" id=\"responsabilidade-social\" ><div class=\"fusion-builder-row fusion-row fusion-flex-align-items-flex-start fusion-flex-content-wrap\" style=\"max-width:1144px;margin-left: calc(-4% \/ 2 );margin-right: calc(-4% \/ 2 );\"><div class=\"fusion-layout-column fusion_builder_column fusion-builder-column-5 fusion_builder_column_1_2 1_2 fusion-flex-column\" style=\"--awb-bg-size:cover;--awb-width-large:50%;--awb-margin-top-large:0px;--awb-spacing-right-large:3.84%;--awb-margin-bottom-large:20px;--awb-spacing-left-large:3.84%;--awb-width-medium:50%;--awb-spacing-right-medium:3.84%;--awb-spacing-left-medium:3.84%;--awb-width-small:100%;--awb-spacing-right-small:1.92%;--awb-spacing-left-small:1.92%;\"><div class=\"fusion-column-wrapper fusion-flex-justify-content-flex-start fusion-content-layout-column\"><div class=\"fusion-image-element \" style=\"--awb-caption-title-font-family:var(--h2_typography-font-family);--awb-caption-title-font-weight:var(--h2_typography-font-weight);--awb-caption-title-font-style:var(--h2_typography-font-style);--awb-caption-title-size:var(--h2_typography-font-size);--awb-caption-title-transform:var(--h2_typography-text-transform);--awb-caption-title-line-height:var(--h2_typography-line-height);--awb-caption-title-letter-spacing:var(--h2_typography-letter-spacing);\"><span class=\" fusion-imageframe imageframe-none imageframe-2 hover-type-none\"><img decoding=\"async\" width=\"486\" height=\"290\" title=\"responsabilidade-social\" src=\"https:\/\/margem.pt\/wp-content\/uploads\/2019\/04\/responsabilidade-social.jpg\" alt class=\"img-responsive wp-image-4342\" srcset=\"https:\/\/margem.pt\/wp-content\/uploads\/2019\/04\/responsabilidade-social-200x119.jpg 200w, https:\/\/margem.pt\/wp-content\/uploads\/2019\/04\/responsabilidade-social-400x239.jpg 400w, https:\/\/margem.pt\/wp-content\/uploads\/2019\/04\/responsabilidade-social.jpg 486w\" sizes=\"(max-width: 640px) 100vw, 486px\" \/><\/span><\/div><div class=\"fusion-text fusion-text-3\"><h2><\/h2>\n<h2>RESPONSABILIDAD SOCIAL<\/h2>\n<p class=\"p1\"><span class=\"s1\">Nuestro compromiso es garantizar que nuestro proceso productivo, as\u00ed como todas las actividades relacionadas con la distribuci\u00f3n de nuestros productos, se rige por procedimientos transparentes y eficaces. Esta forma de estar en el mercado abarca tambi\u00e9n a nuestros proveedores, a los que exigimos la misma transparencia de procesos, pr\u00e1cticas y valores.<\/span><\/p>\n<p class=\"p1\"><strong><span class=\"s1\">\u00a1Estamos motivados a contribuir para hacer un mundo mejor!<\/span><\/strong><\/p>\n<\/div><\/div><\/div><div class=\"fusion-layout-column fusion_builder_column fusion-builder-column-6 fusion_builder_column_1_2 1_2 fusion-flex-column\" style=\"--awb-bg-size:cover;--awb-width-large:50%;--awb-margin-top-large:0px;--awb-spacing-right-large:3.84%;--awb-margin-bottom-large:20px;--awb-spacing-left-large:3.84%;--awb-width-medium:50%;--awb-spacing-right-medium:3.84%;--awb-spacing-left-medium:3.84%;--awb-width-small:100%;--awb-spacing-right-small:1.92%;--awb-spacing-left-small:1.92%;\"><div class=\"fusion-column-wrapper fusion-flex-justify-content-flex-start fusion-content-layout-column\"><div class=\"fusion-image-element \" style=\"--awb-caption-title-font-family:var(--h2_typography-font-family);--awb-caption-title-font-weight:var(--h2_typography-font-weight);--awb-caption-title-font-style:var(--h2_typography-font-style);--awb-caption-title-size:var(--h2_typography-font-size);--awb-caption-title-transform:var(--h2_typography-text-transform);--awb-caption-title-line-height:var(--h2_typography-line-height);--awb-caption-title-letter-spacing:var(--h2_typography-letter-spacing);\"><span class=\" fusion-imageframe imageframe-none imageframe-3 hover-type-none\"><img decoding=\"async\" width=\"486\" height=\"290\" title=\"missao-valores\" src=\"https:\/\/margem.pt\/wp-content\/uploads\/2019\/04\/missao-valores.jpg\" alt class=\"img-responsive wp-image-4411\" srcset=\"https:\/\/margem.pt\/wp-content\/uploads\/2019\/04\/missao-valores-200x119.jpg 200w, https:\/\/margem.pt\/wp-content\/uploads\/2019\/04\/missao-valores-400x239.jpg 400w, https:\/\/margem.pt\/wp-content\/uploads\/2019\/04\/missao-valores.jpg 486w\" sizes=\"(max-width: 640px) 100vw, 486px\" \/><\/span><\/div><div class=\"fusion-text fusion-text-4\"><h2><\/h2>\n<h2>MISI\u00d3N y VALORES<\/h2>\n<p class=\"p1\"><span class=\"s1\">Somos una empresa de referencia en el mercado de fabricaci\u00f3n de productos de higiene y limpieza y queremos seguir haci\u00e9ndolo.<br \/>\nLa dedicaci\u00f3n y entusiasmo con que desarrollamos nuestro trabajo se inspira en nuestra <b>MISI\u00d3N<\/b>,<br \/>\n\u00abDesarrollar productos de calidad superior, que garanticen la satisfacci\u00f3n del consumidor, prestando un servicio de excelencia.\u00bb<\/span><\/p>\n<p>Sostenida por nuestros <b>VALORES<\/b>,<br \/>\nEl empe\u00f1o en la b\u00fasqueda de soluciones innovadoras de calidad,<br \/>\nLa preservaci\u00f3n de la sostenibilidad ambiental,<br \/>\ny la transparencia de nuestras relaciones con el consumidor y nuestros proveedores.<\/p>\n<\/div><\/div><\/div><\/div><\/div><div class=\"fusion-fullwidth fullwidth-box fusion-builder-row-4 fusion-flex-container fusion-parallax-none nonhundred-percent-fullwidth non-hundred-percent-height-scrolling\" style=\"--awb-border-radius-top-left:0px;--awb-border-radius-top-right:0px;--awb-border-radius-bottom-right:0px;--awb-border-radius-bottom-left:0px;--awb-padding-top:110px;--awb-padding-right:15%;--awb-padding-bottom:90px;--awb-padding-left:15%;--awb-background-image:url(&quot;https:\/\/margem.pt\/wp-content\/uploads\/2019\/04\/convite.jpg&quot;);--awb-background-size:cover;--awb-flex-wrap:wrap;\" id=\"convite\" ><div class=\"fusion-builder-row fusion-row fusion-flex-align-items-flex-start fusion-flex-content-wrap\" style=\"max-width:1144px;margin-left: calc(-4% \/ 2 );margin-right: calc(-4% \/ 2 );\"><div class=\"fusion-layout-column fusion_builder_column fusion-builder-column-7 fusion_builder_column_2_5 2_5 fusion-flex-column\" style=\"--awb-padding-top:20px;--awb-padding-right:30px;--awb-padding-left:30px;--awb-bg-color:#2a5b84;--awb-bg-color-hover:#2a5b84;--awb-bg-size:cover;--awb-width-large:40%;--awb-margin-top-large:0px;--awb-spacing-right-large:4.8%;--awb-margin-bottom-large:20px;--awb-spacing-left-large:4.8%;--awb-width-medium:40%;--awb-spacing-right-medium:4.8%;--awb-spacing-left-medium:4.8%;--awb-width-small:100%;--awb-spacing-right-small:1.92%;--awb-spacing-left-small:1.92%;\" id=\"convite-column\"><div class=\"fusion-column-wrapper fusion-flex-justify-content-flex-start fusion-content-layout-column\"><div class=\"fusion-text fusion-text-5\"><h2><span style=\"color: #ffffff;\">Su opini\u00f3n es importante para nosotros&#8230;<\/span><\/h2>\n<p><span style=\"color: #ffffff !important;\">En MARGEM velamos por la transparencia en toda nuestra actividad. Queremos que sepan qui\u00e9nes somos, d\u00f3nde encontrarnos y qu\u00e9 hacemos.<br \/>\nVisite <a href=\"https:\/\/margem.pt\">www.margem.pt<\/a> o solicite una visita guiada a nuestras instalaciones, tendremos todo el gusto en recibir su visita.<br \/>\nSi desea dejar un comentario, hacer una sugerencia o una pregunta, puede hacerlo en <a href=\"https:\/\/margem.pt\/es\/contactos\/\">Contactos<\/a>. <\/span><\/p>\n<\/div><div class=\"fusion-builder-row fusion-builder-row-inner fusion-row fusion-flex-align-items-flex-start fusion-flex-content-wrap\" style=\"width:104% !important;max-width:104% !important;margin-left: calc(-4% \/ 2 );margin-right: calc(-4% \/ 2 );\"><div class=\"fusion-layout-column fusion_builder_column_inner fusion-builder-nested-column-0 fusion_builder_column_inner_1_2 1_2 fusion-flex-column\" style=\"--awb-bg-size:cover;--awb-width-large:50%;--awb-margin-top-large:0px;--awb-spacing-right-large:3.84%;--awb-margin-bottom-large:20px;--awb-spacing-left-large:3.84%;--awb-width-medium:50%;--awb-spacing-right-medium:3.84%;--awb-spacing-left-medium:3.84%;--awb-width-small:100%;--awb-spacing-right-small:1.92%;--awb-spacing-left-small:1.92%;\"><div class=\"fusion-column-wrapper fusion-flex-justify-content-flex-start fusion-content-layout-column\"><div class=\"fusion-text fusion-text-6\"><p><a class=\"convite-link\" href=\"https:\/\/margem.pt\/es\/contactos\/\">Contactos <i class=\"fas fa-long-arrow-alt-right\"><\/i><\/a><\/p>\n<\/div><\/div><\/div><div class=\"fusion-layout-column fusion_builder_column_inner fusion-builder-nested-column-1 fusion_builder_column_inner_1_2 1_2 fusion-flex-column\" style=\"--awb-bg-size:cover;--awb-width-large:50%;--awb-margin-top-large:0px;--awb-spacing-right-large:3.84%;--awb-margin-bottom-large:20px;--awb-spacing-left-large:3.84%;--awb-width-medium:50%;--awb-spacing-right-medium:3.84%;--awb-spacing-left-medium:3.84%;--awb-width-small:100%;--awb-spacing-right-small:1.92%;--awb-spacing-left-small:1.92%;\"><div class=\"fusion-column-wrapper fusion-flex-justify-content-flex-start fusion-content-layout-column\"><div class=\"fusion-text fusion-text-7\"><p><a class=\"convite-link\" href=\"https:\/\/margem.pt\/es\/tienda\/\">Productos <i class=\"fas fa-long-arrow-alt-right\"><\/i><\/a><\/p>\n<\/div><\/div><\/div><\/div><\/div><\/div><div class=\"fusion-layout-column fusion_builder_column fusion-builder-column-8 fusion_builder_column_1_3 1_3 fusion-flex-column\" style=\"--awb-bg-size:cover;--awb-width-large:33.333333333333%;--awb-margin-top-large:0px;--awb-spacing-right-large:5.76%;--awb-margin-bottom-large:20px;--awb-spacing-left-large:5.76%;--awb-width-medium:33.333333333333%;--awb-spacing-right-medium:5.76%;--awb-spacing-left-medium:5.76%;--awb-width-small:100%;--awb-spacing-right-small:1.92%;--awb-spacing-left-small:1.92%;\"><div class=\"fusion-column-wrapper fusion-flex-justify-content-flex-start fusion-content-layout-column\"><\/div><\/div><div class=\"fusion-layout-column fusion_builder_column fusion-builder-column-9 fusion_builder_column_1_4 1_4 fusion-flex-column\" style=\"--awb-bg-size:cover;--awb-width-large:25%;--awb-margin-top-large:0px;--awb-spacing-right-large:7.68%;--awb-margin-bottom-large:20px;--awb-spacing-left-large:7.68%;--awb-width-medium:25%;--awb-spacing-right-medium:7.68%;--awb-spacing-left-medium:7.68%;--awb-width-small:100%;--awb-spacing-right-small:1.92%;--awb-spacing-left-small:1.92%;\"><div class=\"fusion-column-wrapper fusion-flex-justify-content-flex-start fusion-content-layout-column\"><\/div><\/div><\/div><\/div><\/p>\n","protected":false},"excerpt":{"rendered":"","protected":false},"author":873,"featured_media":0,"parent":0,"menu_order":0,"comment_status":"closed","ping_status":"closed","template":"100-width.php","meta":{"_acf_changed":false,"footnotes":""},"class_list":["post-3715","page","type-page","status-publish","hentry"],"acf":[],"yoast_head":"<!-- This site is optimized with the Yoast SEO plugin v24.6 - https:\/\/yoast.com\/wordpress\/plugins\/seo\/ -->\n<title>Fabricante de Productos de Limpieza | Distribuidor | MARGEM<\/title>\n<meta name=\"description\" content=\"Fabricante de productos de limpieza con m\u00e1s de cuatro d\u00e9cadas en el mercado - desde 1976, que privilegia la calidad y excelencia.\" \/>\n<meta name=\"robots\" content=\"index, follow, max-snippet:-1, max-image-preview:large, max-video-preview:-1\" \/>\n<link rel=\"canonical\" href=\"https:\/\/margem.pt\/es\/empresa\/\" \/>\n<meta property=\"og:locale\" content=\"es_ES\" \/>\n<meta property=\"og:type\" content=\"article\" \/>\n<meta property=\"og:title\" content=\"Fabricante de Productos de Limpieza | Distribuidor | MARGEM\" \/>\n<meta property=\"og:description\" content=\"Fabricante de productos de limpieza con m\u00e1s de cuatro d\u00e9cadas en el mercado - desde 1976, que privilegia la calidad y excelencia.\" \/>\n<meta property=\"og:url\" content=\"https:\/\/margem.pt\/es\/empresa\/\" \/>\n<meta property=\"og:site_name\" content=\"MARGEM\" \/>\n<meta property=\"article:modified_time\" content=\"2023-12-21T18:32:15+00:00\" \/>\n<meta name=\"twitter:label1\" content=\"Tiempo de lectura\" \/>\n\t<meta name=\"twitter:data1\" content=\"6 minutos\" \/>\n<script type=\"application\/ld+json\" class=\"yoast-schema-graph\">{\"@context\":\"https:\/\/schema.org\",\"@graph\":[{\"@type\":\"WebPage\",\"@id\":\"https:\/\/margem.pt\/es\/empresa\/\",\"url\":\"https:\/\/margem.pt\/es\/empresa\/\",\"name\":\"Fabricante de Productos de Limpieza | Distribuidor | MARGEM\",\"isPartOf\":{\"@id\":\"https:\/\/margem.pt\/es\/#website\"},\"datePublished\":\"2019-02-15T09:56:48+00:00\",\"dateModified\":\"2023-12-21T18:32:15+00:00\",\"description\":\"Fabricante de productos de limpieza con m\u00e1s de cuatro d\u00e9cadas en el mercado - desde 1976, que privilegia la calidad y excelencia.\",\"breadcrumb\":{\"@id\":\"https:\/\/margem.pt\/es\/empresa\/#breadcrumb\"},\"inLanguage\":\"es\",\"potentialAction\":[{\"@type\":\"ReadAction\",\"target\":[\"https:\/\/margem.pt\/es\/empresa\/\"]}]},{\"@type\":\"BreadcrumbList\",\"@id\":\"https:\/\/margem.pt\/es\/empresa\/#breadcrumb\",\"itemListElement\":[{\"@type\":\"ListItem\",\"position\":1,\"name\":\"In\u00edcio\",\"item\":\"https:\/\/margem.pt\/es\/\"},{\"@type\":\"ListItem\",\"position\":2,\"name\":\"Empresa\"}]},{\"@type\":\"WebSite\",\"@id\":\"https:\/\/margem.pt\/es\/#website\",\"url\":\"https:\/\/margem.pt\/es\/\",\"name\":\"MARGEM\",\"description\":\"Produtos de Higiene e Limpeza\",\"potentialAction\":[{\"@type\":\"SearchAction\",\"target\":{\"@type\":\"EntryPoint\",\"urlTemplate\":\"https:\/\/margem.pt\/es\/?s={search_term_string}\"},\"query-input\":{\"@type\":\"PropertyValueSpecification\",\"valueRequired\":true,\"valueName\":\"search_term_string\"}}],\"inLanguage\":\"es\"}]}<\/script>\n<!-- \/ Yoast SEO plugin. -->","yoast_head_json":{"title":"Fabricante de Productos de Limpieza | Distribuidor | MARGEM","description":"Fabricante de productos de limpieza con m\u00e1s de cuatro d\u00e9cadas en el mercado - desde 1976, que privilegia la calidad y excelencia.","robots":{"index":"index","follow":"follow","max-snippet":"max-snippet:-1","max-image-preview":"max-image-preview:large","max-video-preview":"max-video-preview:-1"},"canonical":"https:\/\/margem.pt\/es\/empresa\/","og_locale":"es_ES","og_type":"article","og_title":"Fabricante de Productos de Limpieza | Distribuidor | MARGEM","og_description":"Fabricante de productos de limpieza con m\u00e1s de cuatro d\u00e9cadas en el mercado - desde 1976, que privilegia la calidad y excelencia.","og_url":"https:\/\/margem.pt\/es\/empresa\/","og_site_name":"MARGEM","article_modified_time":"2023-12-21T18:32:15+00:00","twitter_misc":{"Tiempo de lectura":"6 minutos"},"schema":{"@context":"https:\/\/schema.org","@graph":[{"@type":"WebPage","@id":"https:\/\/margem.pt\/es\/empresa\/","url":"https:\/\/margem.pt\/es\/empresa\/","name":"Fabricante de Productos de Limpieza | Distribuidor | MARGEM","isPartOf":{"@id":"https:\/\/margem.pt\/es\/#website"},"datePublished":"2019-02-15T09:56:48+00:00","dateModified":"2023-12-21T18:32:15+00:00","description":"Fabricante de productos de limpieza con m\u00e1s de cuatro d\u00e9cadas en el mercado - desde 1976, que privilegia la calidad y excelencia.","breadcrumb":{"@id":"https:\/\/margem.pt\/es\/empresa\/#breadcrumb"},"inLanguage":"es","potentialAction":[{"@type":"ReadAction","target":["https:\/\/margem.pt\/es\/empresa\/"]}]},{"@type":"BreadcrumbList","@id":"https:\/\/margem.pt\/es\/empresa\/#breadcrumb","itemListElement":[{"@type":"ListItem","position":1,"name":"In\u00edcio","item":"https:\/\/margem.pt\/es\/"},{"@type":"ListItem","position":2,"name":"Empresa"}]},{"@type":"WebSite","@id":"https:\/\/margem.pt\/es\/#website","url":"https:\/\/margem.pt\/es\/","name":"MARGEM","description":"Produtos de Higiene e Limpeza","potentialAction":[{"@type":"SearchAction","target":{"@type":"EntryPoint","urlTemplate":"https:\/\/margem.pt\/es\/?s={search_term_string}"},"query-input":{"@type":"PropertyValueSpecification","valueRequired":true,"valueName":"search_term_string"}}],"inLanguage":"es"}]}},"_links":{"self":[{"href":"https:\/\/margem.pt\/es\/wp-json\/wp\/v2\/pages\/3715","targetHints":{"allow":["GET"]}}],"collection":[{"href":"https:\/\/margem.pt\/es\/wp-json\/wp\/v2\/pages"}],"about":[{"href":"https:\/\/margem.pt\/es\/wp-json\/wp\/v2\/types\/page"}],"author":[{"embeddable":true,"href":"https:\/\/margem.pt\/es\/wp-json\/wp\/v2\/users\/873"}],"replies":[{"embeddable":true,"href":"https:\/\/margem.pt\/es\/wp-json\/wp\/v2\/comments?post=3715"}],"version-history":[{"count":1,"href":"https:\/\/margem.pt\/es\/wp-json\/wp\/v2\/pages\/3715\/revisions"}],"predecessor-version":[{"id":8739,"href":"https:\/\/margem.pt\/es\/wp-json\/wp\/v2\/pages\/3715\/revisions\/8739"}],"wp:attachment":[{"href":"https:\/\/margem.pt\/es\/wp-json\/wp\/v2\/media?parent=3715"}],"curies":[{"name":"wp","href":"https:\/\/api.w.org\/{rel}","templated":true}]}}